{"id":8956,"date":"2024-02-06T14:56:50","date_gmt":"2024-02-06T14:56:50","guid":{"rendered":"https:\/\/oller.cl\/producto\/sierra-corta-yeso-gold-ii-accu-inalambrica\/"},"modified":"2024-02-20T14:46:50","modified_gmt":"2024-02-20T14:46:50","slug":"sierra-corta-yeso-gold-ii-accu-inalambrica","status":"publish","type":"product","link":"https:\/\/oller.cl\/es\/venta-de\/sierra-corta-yeso-gold-ii-accu-inalambrica\/","title":{"rendered":"SIERRA CORTA YESO GOLD II ACCU | Inal\u00e1mbrica"},"content":{"rendered":"<p><strong>Uso M&oacute;vil y Largo Tiempo de Operaci&oacute;n:<\/strong><\/p>\n<p>Alimentada por una bater&iacute;a recargable, brinda la libertad de movilidad y un rendimiento sostenido durante extensos periodos.<\/p>\n<hr \/>\n<p><strong>Control Electr&oacute;nico de Velocidad:<\/strong><\/p>\n<p>El potente motor ajustable electr&oacute;nicamente permite adaptar la velocidad seg&uacute;n las necesidades del usuario, asegurando eficiencia en diferentes aplicaciones.<\/p>\n<hr \/>\n<p><strong>Arranque Suave:<\/strong><\/p>\n<p>Preserva la integridad del engranaje y otras partes mec&aacute;nicas, asegurando un arranque sin impactos bruscos.<\/p>\n<hr \/>\n<p><strong>Materiales de Alta Calidad:<\/strong><\/p>\n<p>La exclusividad en el uso de materiales de alta calidad garantiza la durabilidad y resistencia de la sierra.<\/p>","protected":false},"excerpt":{"rendered":"<p>La Sierra oscilosc\u00f3pica GOLD II Accu, dise\u00f1ada para cortar yeso, se distingue por su funcionamiento con una bater\u00eda recargable de alta capacidad, proporcionando movilidad y un rendimiento continuo. Su potente motor, controlado electr\u00f3nicamente, ofrece una velocidad ajustable, mientras que el arranque suave preserva el engranaje y dem\u00e1s componentes mec\u00e1nicos. La durabilidad est\u00e1 asegurada gracias al uso exclusivo de materiales de la m\u00e1s alta calidad, garantizando una larga vida \u00fatil para la sierra.1095-1.Webp,1095-2.Webp,1095-3.Webp,1095-4.Webp<\/p>","protected":false},"featured_media":8934,"template":"","meta":{"_joinchat":[]},"product_cat":[99,125],"product_tag":[],"class_list":{"0":"post-8956","1":"product","2":"type-product","3":"status-publish","4":"has-post-thumbnail","6":"product_cat-area-medica","7":"product_cat-pabellon-quirurgico","9":"first","10":"instock","11":"shipping-taxable","12":"purchasable","13":"product-type-simple"},"yoast_head":"<!-- This site is optimized with the Yoast SEO plugin v25.2 - https:\/\/yoast.com\/wordpress\/plugins\/seo\/ -->\n<title>SIERRA CORTA YESO GOLD II ACCU | Inal\u00e1mbrica - Oller<\/title>\n<meta name=\"robots\" content=\"index, follow, max-snippet:-1, max-image-preview:large, max-video-preview:-1\" \/>\n<link rel=\"canonical\" href=\"https:\/\/oller.cl\/es\/venta-de\/sierra-corta-yeso-gold-ii-accu-inalambrica\/\" \/>\n<meta property=\"og:locale\" content=\"es_ES\" \/>\n<meta property=\"og:type\" content=\"article\" \/>\n<meta property=\"og:title\" content=\"SIERRA CORTA YESO GOLD II ACCU | Inal\u00e1mbrica - Oller\" \/>\n<meta property=\"og:description\" content=\"La Sierra oscilosc\u00f3pica GOLD II Accu, dise\u00f1ada para cortar yeso, se distingue por su funcionamiento con una bater\u00eda recargable de alta capacidad, proporcionando movilidad y un rendimiento continuo. Su potente motor, controlado electr\u00f3nicamente, ofrece una velocidad ajustable, mientras que el arranque suave preserva el engranaje y dem\u00e1s componentes mec\u00e1nicos. La durabilidad est\u00e1 asegurada gracias al uso exclusivo de materiales de la m\u00e1s alta calidad, garantizando una larga vida \u00fatil para la sierra.1095-1.Webp,1095-2.Webp,1095-3.Webp,1095-4.Webp\" \/>\n<meta property=\"og:url\" content=\"https:\/\/oller.cl\/es\/venta-de\/sierra-corta-yeso-gold-ii-accu-inalambrica\/\" \/>\n<meta property=\"og:site_name\" content=\"Oller\" \/>\n<meta property=\"article:modified_time\" content=\"2024-02-20T14:46:50+00:00\" \/>\n<meta property=\"og:image\" content=\"https:\/\/oller.cl\/wp-content\/uploads\/2024\/02\/1097-1.webp\" \/>\n\t<meta property=\"og:image:width\" content=\"1000\" \/>\n\t<meta property=\"og:image:height\" content=\"1000\" \/>\n\t<meta property=\"og:image:type\" content=\"image\/webp\" \/>\n<meta name=\"twitter:card\" content=\"summary_large_image\" \/>\n<meta name=\"twitter:label1\" content=\"Est. reading time\" \/>\n\t<meta name=\"twitter:data1\" content=\"1 minuto\" \/>\n<script type=\"application\/ld+json\" class=\"yoast-schema-graph\">{\"@context\":\"https:\/\/schema.org\",\"@graph\":[{\"@type\":\"WebPage\",\"@id\":\"https:\/\/oller.cl\/venta-de\/sierra-corta-yeso-gold-ii-accu-inalambrica\/\",\"url\":\"https:\/\/oller.cl\/venta-de\/sierra-corta-yeso-gold-ii-accu-inalambrica\/\",\"name\":\"SIERRA CORTA YESO GOLD II ACCU | Inal\u00e1mbrica - Oller\",\"isPartOf\":{\"@id\":\"https:\/\/oller.cl\/#website\"},\"primaryImageOfPage\":{\"@id\":\"https:\/\/oller.cl\/venta-de\/sierra-corta-yeso-gold-ii-accu-inalambrica\/#primaryimage\"},\"image\":{\"@id\":\"https:\/\/oller.cl\/venta-de\/sierra-corta-yeso-gold-ii-accu-inalambrica\/#primaryimage\"},\"thumbnailUrl\":\"https:\/\/oller.cl\/wp-content\/uploads\/2024\/02\/1097-1.webp\",\"datePublished\":\"2024-02-06T14:56:50+00:00\",\"dateModified\":\"2024-02-20T14:46:50+00:00\",\"breadcrumb\":{\"@id\":\"https:\/\/oller.cl\/venta-de\/sierra-corta-yeso-gold-ii-accu-inalambrica\/#breadcrumb\"},\"inLanguage\":\"es-CL\",\"potentialAction\":[{\"@type\":\"ReadAction\",\"target\":[\"https:\/\/oller.cl\/venta-de\/sierra-corta-yeso-gold-ii-accu-inalambrica\/\"]}]},{\"@type\":\"ImageObject\",\"inLanguage\":\"es-CL\",\"@id\":\"https:\/\/oller.cl\/venta-de\/sierra-corta-yeso-gold-ii-accu-inalambrica\/#primaryimage\",\"url\":\"https:\/\/oller.cl\/wp-content\/uploads\/2024\/02\/1097-1.webp\",\"contentUrl\":\"https:\/\/oller.cl\/wp-content\/uploads\/2024\/02\/1097-1.webp\",\"width\":1000,\"height\":1000},{\"@type\":\"BreadcrumbList\",\"@id\":\"https:\/\/oller.cl\/venta-de\/sierra-corta-yeso-gold-ii-accu-inalambrica\/#breadcrumb\",\"itemListElement\":[{\"@type\":\"ListItem\",\"position\":1,\"name\":\"Portada\",\"item\":\"https:\/\/oller.cl\/\"},{\"@type\":\"ListItem\",\"position\":2,\"name\":\"Todos los Productos\",\"item\":\"https:\/\/oller.cl\/shop\/\"},{\"@type\":\"ListItem\",\"position\":3,\"name\":\"SIERRA CORTA YESO GOLD II ACCU | Inal\u00e1mbrica\"}]},{\"@type\":\"WebSite\",\"@id\":\"https:\/\/oller.cl\/#website\",\"url\":\"https:\/\/oller.cl\/\",\"name\":\"Oller\",\"description\":\"Equipamiento M\u00e9dico e Instrumental Quir\u00fargico\",\"potentialAction\":[{\"@type\":\"SearchAction\",\"target\":{\"@type\":\"EntryPoint\",\"urlTemplate\":\"https:\/\/oller.cl\/?s={search_term_string}\"},\"query-input\":{\"@type\":\"PropertyValueSpecification\",\"valueRequired\":true,\"valueName\":\"search_term_string\"}}],\"inLanguage\":\"es-CL\"}]}<\/script>\n<!-- \/ Yoast SEO plugin. -->","yoast_head_json":{"title":"SIERRA CORTA YESO GOLD II ACCU | Inal\u00e1mbrica - Oller","robots":{"index":"index","follow":"follow","max-snippet":"max-snippet:-1","max-image-preview":"max-image-preview:large","max-video-preview":"max-video-preview:-1"},"canonical":"https:\/\/oller.cl\/es\/venta-de\/sierra-corta-yeso-gold-ii-accu-inalambrica\/","og_locale":"es_ES","og_type":"article","og_title":"SIERRA CORTA YESO GOLD II ACCU | Inal\u00e1mbrica - Oller","og_description":"La Sierra oscilosc\u00f3pica GOLD II Accu, dise\u00f1ada para cortar yeso, se distingue por su funcionamiento con una bater\u00eda recargable de alta capacidad, proporcionando movilidad y un rendimiento continuo. Su potente motor, controlado electr\u00f3nicamente, ofrece una velocidad ajustable, mientras que el arranque suave preserva el engranaje y dem\u00e1s componentes mec\u00e1nicos. La durabilidad est\u00e1 asegurada gracias al uso exclusivo de materiales de la m\u00e1s alta calidad, garantizando una larga vida \u00fatil para la sierra.1095-1.Webp,1095-2.Webp,1095-3.Webp,1095-4.Webp","og_url":"https:\/\/oller.cl\/es\/venta-de\/sierra-corta-yeso-gold-ii-accu-inalambrica\/","og_site_name":"Oller","article_modified_time":"2024-02-20T14:46:50+00:00","og_image":[{"width":1000,"height":1000,"url":"https:\/\/oller.cl\/wp-content\/uploads\/2024\/02\/1097-1.webp","type":"image\/webp"}],"twitter_card":"summary_large_image","twitter_misc":{"Est. reading time":"1 minuto"},"schema":{"@context":"https:\/\/schema.org","@graph":[{"@type":"WebPage","@id":"https:\/\/oller.cl\/venta-de\/sierra-corta-yeso-gold-ii-accu-inalambrica\/","url":"https:\/\/oller.cl\/venta-de\/sierra-corta-yeso-gold-ii-accu-inalambrica\/","name":"SIERRA CORTA YESO GOLD II ACCU | Inal\u00e1mbrica - Oller","isPartOf":{"@id":"https:\/\/oller.cl\/#website"},"primaryImageOfPage":{"@id":"https:\/\/oller.cl\/venta-de\/sierra-corta-yeso-gold-ii-accu-inalambrica\/#primaryimage"},"image":{"@id":"https:\/\/oller.cl\/venta-de\/sierra-corta-yeso-gold-ii-accu-inalambrica\/#primaryimage"},"thumbnailUrl":"https:\/\/oller.cl\/wp-content\/uploads\/2024\/02\/1097-1.webp","datePublished":"2024-02-06T14:56:50+00:00","dateModified":"2024-02-20T14:46:50+00:00","breadcrumb":{"@id":"https:\/\/oller.cl\/venta-de\/sierra-corta-yeso-gold-ii-accu-inalambrica\/#breadcrumb"},"inLanguage":"es-CL","potentialAction":[{"@type":"ReadAction","target":["https:\/\/oller.cl\/venta-de\/sierra-corta-yeso-gold-ii-accu-inalambrica\/"]}]},{"@type":"ImageObject","inLanguage":"es-CL","@id":"https:\/\/oller.cl\/venta-de\/sierra-corta-yeso-gold-ii-accu-inalambrica\/#primaryimage","url":"https:\/\/oller.cl\/wp-content\/uploads\/2024\/02\/1097-1.webp","contentUrl":"https:\/\/oller.cl\/wp-content\/uploads\/2024\/02\/1097-1.webp","width":1000,"height":1000},{"@type":"BreadcrumbList","@id":"https:\/\/oller.cl\/venta-de\/sierra-corta-yeso-gold-ii-accu-inalambrica\/#breadcrumb","itemListElement":[{"@type":"ListItem","position":1,"name":"Portada","item":"https:\/\/oller.cl\/"},{"@type":"ListItem","position":2,"name":"Todos los Productos","item":"https:\/\/oller.cl\/shop\/"},{"@type":"ListItem","position":3,"name":"SIERRA CORTA YESO GOLD II ACCU | Inal\u00e1mbrica"}]},{"@type":"WebSite","@id":"https:\/\/oller.cl\/#website","url":"https:\/\/oller.cl\/","name":"Oller","description":"Equipamiento M\u00e9dico e Instrumental Quir\u00fargico","potentialAction":[{"@type":"SearchAction","target":{"@type":"EntryPoint","urlTemplate":"https:\/\/oller.cl\/?s={search_term_string}"},"query-input":{"@type":"PropertyValueSpecification","valueRequired":true,"valueName":"search_term_string"}}],"inLanguage":"es-CL"}]}},"_links":{"self":[{"href":"https:\/\/oller.cl\/es\/wp-json\/wp\/v2\/product\/8956","targetHints":{"allow":["GET"]}}],"collection":[{"href":"https:\/\/oller.cl\/es\/wp-json\/wp\/v2\/product"}],"about":[{"href":"https:\/\/oller.cl\/es\/wp-json\/wp\/v2\/types\/product"}],"wp:featuredmedia":[{"embeddable":true,"href":"https:\/\/oller.cl\/es\/wp-json\/wp\/v2\/media\/8934"}],"wp:attachment":[{"href":"https:\/\/oller.cl\/es\/wp-json\/wp\/v2\/media?parent=8956"}],"wp:term":[{"taxonomy":"product_cat","embeddable":true,"href":"https:\/\/oller.cl\/es\/wp-json\/wp\/v2\/product_cat?post=8956"},{"taxonomy":"product_tag","embeddable":true,"href":"https:\/\/oller.cl\/es\/wp-json\/wp\/v2\/product_tag?post=8956"}],"curies":[{"name":"wp","href":"https:\/\/api.w.org\/{rel}","templated":true}]}}