{"id":8335,"date":"2024-01-24T19:56:49","date_gmt":"2024-01-24T19:56:49","guid":{"rendered":"https:\/\/oller.cl\/producto\/sillon-electronico-dia-4-ideal-para-dialisis-y-quimioterapia\/"},"modified":"2024-02-20T14:46:44","modified_gmt":"2024-02-20T14:46:44","slug":"sillon-electronico-dia-4-ideal-para-dialisis-y-quimioterapia","status":"publish","type":"product","link":"https:\/\/oller.cl\/es\/venta-de\/sillon-electronico-dia-4-ideal-para-dialisis-y-quimioterapia\/","title":{"rendered":"SILL\u00d3N ELECTR\u00d3NICO DIA 4 | Ideal para Di\u00e1lisis y Quimioterapia"},"content":{"rendered":"<p><strong>Ajustes Electr&oacute;nicos Multidimensionales:<\/strong><\/p>\n<p>4 motores para adaptarse a las necesidades de cada paciente.<\/p>\n<hr \/>\n<p><strong>Dise&ntilde;o Ergon&oacute;mico de Alta Gama:<\/strong><\/p>\n<p>Espuma viscoel&aacute;stica y cuero sint&eacute;tico que brindan confort y durabilidad.<\/p>\n<hr \/>\n<p><strong>Funcionalidad Integral:<\/strong><\/p>\n<p>Desde la altura ajustable hasta el Trendelenburg inverso, dise&ntilde;ado para mejorar la eficiencia en el tratamiento.<\/p>","protected":false},"excerpt":{"rendered":"<p>Facilite la experiencia de di\u00e1lisis y quimioterapia para sus pacientes con nuestro Sill\u00f3n Electr\u00f3nico de Di\u00e1lisis y Quimioterapia modelo  DIA 4. Este innovador sill\u00f3n, pensado para profesionales de la salud comprometidos, ofrece 4 motores para ajustes electr\u00f3nicos precisos del respaldo, reposapi\u00e9s, altura, Trendelenburg y Trendelenburg inverso. Equipado con espuma viscoel\u00e1stica ortop\u00e9dica y cuero sint\u00e9tico resistente al agua, garantiza un entorno de tratamiento c\u00f3modo y de f\u00e1cil limpieza, priorizando la salud y el bienestar del paciente.<\/p>","protected":false},"featured_media":8904,"template":"","meta":{"_joinchat":[]},"product_cat":[124,99],"product_tag":[],"class_list":{"0":"post-8335","1":"product","2":"type-product","3":"status-publish","4":"has-post-thumbnail","6":"product_cat-mobiliario-clinico-y-hospitalario-2","7":"product_cat-area-medica","9":"first","10":"instock","11":"shipping-taxable","12":"purchasable","13":"product-type-simple"},"yoast_head":"<!-- This site is optimized with the Yoast SEO plugin v25.2 - https:\/\/yoast.com\/wordpress\/plugins\/seo\/ -->\n<title>SILL\u00d3N ELECTR\u00d3NICO DIA 4 | Ideal para Di\u00e1lisis y Quimioterapia - Oller<\/title>\n<meta name=\"robots\" content=\"index, follow, max-snippet:-1, max-image-preview:large, max-video-preview:-1\" \/>\n<link rel=\"canonical\" href=\"https:\/\/oller.cl\/es\/venta-de\/sillon-electronico-dia-4-ideal-para-dialisis-y-quimioterapia\/\" \/>\n<meta property=\"og:locale\" content=\"es_ES\" \/>\n<meta property=\"og:type\" content=\"article\" \/>\n<meta property=\"og:title\" content=\"SILL\u00d3N ELECTR\u00d3NICO DIA 4 | Ideal para Di\u00e1lisis y Quimioterapia - Oller\" \/>\n<meta property=\"og:description\" content=\"Facilite la experiencia de di\u00e1lisis y quimioterapia para sus pacientes con nuestro Sill\u00f3n Electr\u00f3nico de Di\u00e1lisis y Quimioterapia modelo DIA 4. Este innovador sill\u00f3n, pensado para profesionales de la salud comprometidos, ofrece 4 motores para ajustes electr\u00f3nicos precisos del respaldo, reposapi\u00e9s, altura, Trendelenburg y Trendelenburg inverso. Equipado con espuma viscoel\u00e1stica ortop\u00e9dica y cuero sint\u00e9tico resistente al agua, garantiza un entorno de tratamiento c\u00f3modo y de f\u00e1cil limpieza, priorizando la salud y el bienestar del paciente.\" \/>\n<meta property=\"og:url\" content=\"https:\/\/oller.cl\/es\/venta-de\/sillon-electronico-dia-4-ideal-para-dialisis-y-quimioterapia\/\" \/>\n<meta property=\"og:site_name\" content=\"Oller\" \/>\n<meta property=\"article:modified_time\" content=\"2024-02-20T14:46:44+00:00\" \/>\n<meta property=\"og:image\" content=\"https:\/\/oller.cl\/wp-content\/uploads\/2024\/02\/1086-1.webp\" \/>\n\t<meta property=\"og:image:width\" content=\"1000\" \/>\n\t<meta property=\"og:image:height\" content=\"1000\" \/>\n\t<meta property=\"og:image:type\" content=\"image\/webp\" \/>\n<meta name=\"twitter:card\" content=\"summary_large_image\" \/>\n<meta name=\"twitter:label1\" content=\"Est. reading time\" \/>\n\t<meta name=\"twitter:data1\" content=\"1 minuto\" \/>\n<script type=\"application\/ld+json\" class=\"yoast-schema-graph\">{\"@context\":\"https:\/\/schema.org\",\"@graph\":[{\"@type\":\"WebPage\",\"@id\":\"https:\/\/oller.cl\/venta-de\/sillon-electronico-dia-4-ideal-para-dialisis-y-quimioterapia\/\",\"url\":\"https:\/\/oller.cl\/venta-de\/sillon-electronico-dia-4-ideal-para-dialisis-y-quimioterapia\/\",\"name\":\"SILL\u00d3N ELECTR\u00d3NICO DIA 4 | Ideal para Di\u00e1lisis y Quimioterapia - Oller\",\"isPartOf\":{\"@id\":\"https:\/\/oller.cl\/#website\"},\"primaryImageOfPage\":{\"@id\":\"https:\/\/oller.cl\/venta-de\/sillon-electronico-dia-4-ideal-para-dialisis-y-quimioterapia\/#primaryimage\"},\"image\":{\"@id\":\"https:\/\/oller.cl\/venta-de\/sillon-electronico-dia-4-ideal-para-dialisis-y-quimioterapia\/#primaryimage\"},\"thumbnailUrl\":\"https:\/\/oller.cl\/wp-content\/uploads\/2024\/02\/1086-1.webp\",\"datePublished\":\"2024-01-24T19:56:49+00:00\",\"dateModified\":\"2024-02-20T14:46:44+00:00\",\"breadcrumb\":{\"@id\":\"https:\/\/oller.cl\/venta-de\/sillon-electronico-dia-4-ideal-para-dialisis-y-quimioterapia\/#breadcrumb\"},\"inLanguage\":\"es-CL\",\"potentialAction\":[{\"@type\":\"ReadAction\",\"target\":[\"https:\/\/oller.cl\/venta-de\/sillon-electronico-dia-4-ideal-para-dialisis-y-quimioterapia\/\"]}]},{\"@type\":\"ImageObject\",\"inLanguage\":\"es-CL\",\"@id\":\"https:\/\/oller.cl\/venta-de\/sillon-electronico-dia-4-ideal-para-dialisis-y-quimioterapia\/#primaryimage\",\"url\":\"https:\/\/oller.cl\/wp-content\/uploads\/2024\/02\/1086-1.webp\",\"contentUrl\":\"https:\/\/oller.cl\/wp-content\/uploads\/2024\/02\/1086-1.webp\",\"width\":1000,\"height\":1000},{\"@type\":\"BreadcrumbList\",\"@id\":\"https:\/\/oller.cl\/venta-de\/sillon-electronico-dia-4-ideal-para-dialisis-y-quimioterapia\/#breadcrumb\",\"itemListElement\":[{\"@type\":\"ListItem\",\"position\":1,\"name\":\"Portada\",\"item\":\"https:\/\/oller.cl\/\"},{\"@type\":\"ListItem\",\"position\":2,\"name\":\"Todos los Productos\",\"item\":\"https:\/\/oller.cl\/shop\/\"},{\"@type\":\"ListItem\",\"position\":3,\"name\":\"SILL\u00d3N ELECTR\u00d3NICO DIA 4 | Ideal para Di\u00e1lisis y Quimioterapia\"}]},{\"@type\":\"WebSite\",\"@id\":\"https:\/\/oller.cl\/#website\",\"url\":\"https:\/\/oller.cl\/\",\"name\":\"Oller\",\"description\":\"Equipamiento M\u00e9dico e Instrumental Quir\u00fargico\",\"potentialAction\":[{\"@type\":\"SearchAction\",\"target\":{\"@type\":\"EntryPoint\",\"urlTemplate\":\"https:\/\/oller.cl\/?s={search_term_string}\"},\"query-input\":{\"@type\":\"PropertyValueSpecification\",\"valueRequired\":true,\"valueName\":\"search_term_string\"}}],\"inLanguage\":\"es-CL\"}]}<\/script>\n<!-- \/ Yoast SEO plugin. -->","yoast_head_json":{"title":"SILL\u00d3N ELECTR\u00d3NICO DIA 4 | Ideal para Di\u00e1lisis y Quimioterapia - Oller","robots":{"index":"index","follow":"follow","max-snippet":"max-snippet:-1","max-image-preview":"max-image-preview:large","max-video-preview":"max-video-preview:-1"},"canonical":"https:\/\/oller.cl\/es\/venta-de\/sillon-electronico-dia-4-ideal-para-dialisis-y-quimioterapia\/","og_locale":"es_ES","og_type":"article","og_title":"SILL\u00d3N ELECTR\u00d3NICO DIA 4 | Ideal para Di\u00e1lisis y Quimioterapia - Oller","og_description":"Facilite la experiencia de di\u00e1lisis y quimioterapia para sus pacientes con nuestro Sill\u00f3n Electr\u00f3nico de Di\u00e1lisis y Quimioterapia modelo DIA 4. Este innovador sill\u00f3n, pensado para profesionales de la salud comprometidos, ofrece 4 motores para ajustes electr\u00f3nicos precisos del respaldo, reposapi\u00e9s, altura, Trendelenburg y Trendelenburg inverso. Equipado con espuma viscoel\u00e1stica ortop\u00e9dica y cuero sint\u00e9tico resistente al agua, garantiza un entorno de tratamiento c\u00f3modo y de f\u00e1cil limpieza, priorizando la salud y el bienestar del paciente.","og_url":"https:\/\/oller.cl\/es\/venta-de\/sillon-electronico-dia-4-ideal-para-dialisis-y-quimioterapia\/","og_site_name":"Oller","article_modified_time":"2024-02-20T14:46:44+00:00","og_image":[{"width":1000,"height":1000,"url":"https:\/\/oller.cl\/wp-content\/uploads\/2024\/02\/1086-1.webp","type":"image\/webp"}],"twitter_card":"summary_large_image","twitter_misc":{"Est. reading time":"1 minuto"},"schema":{"@context":"https:\/\/schema.org","@graph":[{"@type":"WebPage","@id":"https:\/\/oller.cl\/venta-de\/sillon-electronico-dia-4-ideal-para-dialisis-y-quimioterapia\/","url":"https:\/\/oller.cl\/venta-de\/sillon-electronico-dia-4-ideal-para-dialisis-y-quimioterapia\/","name":"SILL\u00d3N ELECTR\u00d3NICO DIA 4 | Ideal para Di\u00e1lisis y Quimioterapia - Oller","isPartOf":{"@id":"https:\/\/oller.cl\/#website"},"primaryImageOfPage":{"@id":"https:\/\/oller.cl\/venta-de\/sillon-electronico-dia-4-ideal-para-dialisis-y-quimioterapia\/#primaryimage"},"image":{"@id":"https:\/\/oller.cl\/venta-de\/sillon-electronico-dia-4-ideal-para-dialisis-y-quimioterapia\/#primaryimage"},"thumbnailUrl":"https:\/\/oller.cl\/wp-content\/uploads\/2024\/02\/1086-1.webp","datePublished":"2024-01-24T19:56:49+00:00","dateModified":"2024-02-20T14:46:44+00:00","breadcrumb":{"@id":"https:\/\/oller.cl\/venta-de\/sillon-electronico-dia-4-ideal-para-dialisis-y-quimioterapia\/#breadcrumb"},"inLanguage":"es-CL","potentialAction":[{"@type":"ReadAction","target":["https:\/\/oller.cl\/venta-de\/sillon-electronico-dia-4-ideal-para-dialisis-y-quimioterapia\/"]}]},{"@type":"ImageObject","inLanguage":"es-CL","@id":"https:\/\/oller.cl\/venta-de\/sillon-electronico-dia-4-ideal-para-dialisis-y-quimioterapia\/#primaryimage","url":"https:\/\/oller.cl\/wp-content\/uploads\/2024\/02\/1086-1.webp","contentUrl":"https:\/\/oller.cl\/wp-content\/uploads\/2024\/02\/1086-1.webp","width":1000,"height":1000},{"@type":"BreadcrumbList","@id":"https:\/\/oller.cl\/venta-de\/sillon-electronico-dia-4-ideal-para-dialisis-y-quimioterapia\/#breadcrumb","itemListElement":[{"@type":"ListItem","position":1,"name":"Portada","item":"https:\/\/oller.cl\/"},{"@type":"ListItem","position":2,"name":"Todos los Productos","item":"https:\/\/oller.cl\/shop\/"},{"@type":"ListItem","position":3,"name":"SILL\u00d3N ELECTR\u00d3NICO DIA 4 | Ideal para Di\u00e1lisis y Quimioterapia"}]},{"@type":"WebSite","@id":"https:\/\/oller.cl\/#website","url":"https:\/\/oller.cl\/","name":"Oller","description":"Equipamiento M\u00e9dico e Instrumental Quir\u00fargico","potentialAction":[{"@type":"SearchAction","target":{"@type":"EntryPoint","urlTemplate":"https:\/\/oller.cl\/?s={search_term_string}"},"query-input":{"@type":"PropertyValueSpecification","valueRequired":true,"valueName":"search_term_string"}}],"inLanguage":"es-CL"}]}},"_links":{"self":[{"href":"https:\/\/oller.cl\/es\/wp-json\/wp\/v2\/product\/8335","targetHints":{"allow":["GET"]}}],"collection":[{"href":"https:\/\/oller.cl\/es\/wp-json\/wp\/v2\/product"}],"about":[{"href":"https:\/\/oller.cl\/es\/wp-json\/wp\/v2\/types\/product"}],"wp:featuredmedia":[{"embeddable":true,"href":"https:\/\/oller.cl\/es\/wp-json\/wp\/v2\/media\/8904"}],"wp:attachment":[{"href":"https:\/\/oller.cl\/es\/wp-json\/wp\/v2\/media?parent=8335"}],"wp:term":[{"taxonomy":"product_cat","embeddable":true,"href":"https:\/\/oller.cl\/es\/wp-json\/wp\/v2\/product_cat?post=8335"},{"taxonomy":"product_tag","embeddable":true,"href":"https:\/\/oller.cl\/es\/wp-json\/wp\/v2\/product_tag?post=8335"}],"curies":[{"name":"wp","href":"https:\/\/api.w.org\/{rel}","templated":true}]}}