{"id":7048,"date":"2023-12-27T12:40:00","date_gmt":"2023-12-27T12:40:00","guid":{"rendered":"https:\/\/oller.cl\/producto\/oxymag-ventilador-de-transporte-todo-tipo-de-paciente-2\/"},"modified":"2024-02-20T14:46:19","modified_gmt":"2024-02-20T14:46:19","slug":"oxymag-ventilador-de-transporte-todo-tipo-de-paciente-2","status":"publish","type":"product","link":"https:\/\/oller.cl\/es\/venta-de\/oxymag-ventilador-de-transporte-todo-tipo-de-paciente-2\/","title":{"rendered":"OXYMAG VENTILADOR DE TRANSPORTE | Todo Tipo de Paciente"},"content":{"rendered":"<ul>\n<li>\n<p style=\"text-align: justify;\">Bater&iacute;a de m&aacute;s de 6 horas de autonom&iacute;a para un uso prolongado durante el transporte y situaciones de emergencia.<\/p>\n<\/li>\n<li style=\"text-align: justify;\">\n<p>Monitor de ventilaci&oacute;n completo con gr&aacute;ficos y valores num&eacute;ricos para una evaluaci&oacute;n precisa.<\/p>\n<\/li>\n<li style=\"text-align: justify;\">\n<p>Sistema inteligente de alarmas que garantiza la seguridad del paciente.<\/p>\n<\/li>\n<li style=\"text-align: justify;\">\n<p>Ventilaci&oacute;n de alto rendimiento para pacientes desde neonatos hasta adultos.<\/p>\n<\/li>\n<li style=\"text-align: justify;\">\n<p>Modo RCP para situaciones de paro cardiorrespiratorio con alarmas sonoras y visuales.<\/p>\n<\/li>\n<li style=\"text-align: justify;\">\n<p>Modo de alto flujo (HFOT) para disminuir el trabajo ventilatorio en pacientes pedi&aacute;tricos y adultos.<\/p>\n<\/li>\n<li style=\"text-align: justify;\">\n<p>Utiliza solamente ox&iacute;geno, eliminando la necesidad de aire comprimido y reduciendo el peso y tama&ntilde;o del equipo.<\/p>\n<\/li>\n<li style=\"text-align: justify;\">\n<p>Pantalla t&aacute;ctil de 5,7&#8243; para una f&aacute;cil visualizaci&oacute;n y configuraci&oacute;n.<\/p>\n<\/li>\n<li style=\"text-align: justify;\">\n<p>Peso ligero de 3,0 kg y dimensiones compactas de 254 x 230 x 185 mm.<\/p>\n<\/li>\n<li>\n<p style=\"text-align: justify;\">Conexi&oacute;n a 12 V externa para una mayor flexibilidad en el suministro de energ&iacute;a.<\/p>\n<\/li>\n<\/ul>","protected":false},"excerpt":{"rendered":"<p>OXYMAG El ventilador que piensa r\u00e1pido en situaciones de emergencia.<\/p>\n<p>Oxymag es un ventilador de transporte altamente eficiente dise\u00f1ado para brindar una ventilaci\u00f3n de alto rendimiento en diversas situaciones cl\u00ednicas. Con una bater\u00eda de m\u00e1s de 6 horas de autonom\u00eda, Oxymag garantiza el soporte ventilatorio necesario en el transporte inter-hospitalario, intrahospitalario y en situaciones de emergencia. Este equipo port\u00e1til y robusto es ideal para pacientes de todas las edades, desde neonatos hasta adultos.<\/p>\n<p>La flexibilidad en la visualizaci\u00f3n de datos facilita la toma de decisiones cl\u00ednicas, brindando a los profesionales de la salud la precisi\u00f3n necesaria en la terapia intensiva. Oxymag tambi\u00e9n ofrece dos nuevos modos opcionales: Modo RCP (Resucitaci\u00f3n Cardiopulmonar) para asistir en situaciones de paro cardiorrespiratorio y el modo de alto flujo (HFOT) para pacientes pedi\u00e1tricos y adultos.<\/p>","protected":false},"featured_media":8721,"template":"","meta":{"_joinchat":[]},"product_cat":[99,126],"product_tag":[],"class_list":{"0":"post-7048","1":"product","2":"type-product","3":"status-publish","4":"has-post-thumbnail","6":"product_cat-area-medica","7":"product_cat-ventilacion-mecanica-2","9":"first","10":"instock","11":"shipping-taxable","12":"purchasable","13":"product-type-simple"},"yoast_head":"<!-- This site is optimized with the Yoast SEO plugin v25.2 - https:\/\/yoast.com\/wordpress\/plugins\/seo\/ -->\n<title>OXYMAG VENTILADOR DE TRANSPORTE | Todo Tipo de Paciente - Oller<\/title>\n<meta name=\"robots\" content=\"index, follow, max-snippet:-1, max-image-preview:large, max-video-preview:-1\" \/>\n<link rel=\"canonical\" href=\"https:\/\/oller.cl\/es\/venta-de\/oxymag-ventilador-de-transporte-todo-tipo-de-paciente-2\/\" \/>\n<meta property=\"og:locale\" content=\"es_ES\" \/>\n<meta property=\"og:type\" content=\"article\" \/>\n<meta property=\"og:title\" content=\"OXYMAG VENTILADOR DE TRANSPORTE | Todo Tipo de Paciente - Oller\" \/>\n<meta property=\"og:description\" content=\"OXYMAG El ventilador que piensa r\u00e1pido en situaciones de emergencia.  Oxymag es un ventilador de transporte altamente eficiente dise\u00f1ado para brindar una ventilaci\u00f3n de alto rendimiento en diversas situaciones cl\u00ednicas. Con una bater\u00eda de m\u00e1s de 6 horas de autonom\u00eda, Oxymag garantiza el soporte ventilatorio necesario en el transporte inter-hospitalario, intrahospitalario y en situaciones de emergencia. Este equipo port\u00e1til y robusto es ideal para pacientes de todas las edades, desde neonatos hasta adultos.  La flexibilidad en la visualizaci\u00f3n de datos facilita la toma de decisiones cl\u00ednicas, brindando a los profesionales de la salud la precisi\u00f3n necesaria en la terapia intensiva. Oxymag tambi\u00e9n ofrece dos nuevos modos opcionales: Modo RCP (Resucitaci\u00f3n Cardiopulmonar) para asistir en situaciones de paro cardiorrespiratorio y el modo de alto flujo (HFOT) para pacientes pedi\u00e1tricos y adultos.\" \/>\n<meta property=\"og:url\" content=\"https:\/\/oller.cl\/es\/venta-de\/oxymag-ventilador-de-transporte-todo-tipo-de-paciente-2\/\" \/>\n<meta property=\"og:site_name\" content=\"Oller\" \/>\n<meta property=\"article:modified_time\" content=\"2024-02-20T14:46:19+00:00\" \/>\n<meta property=\"og:image\" content=\"https:\/\/oller.cl\/wp-content\/uploads\/2024\/02\/1021-1.webp\" \/>\n\t<meta property=\"og:image:width\" content=\"1000\" \/>\n\t<meta property=\"og:image:height\" content=\"1000\" \/>\n\t<meta property=\"og:image:type\" content=\"image\/webp\" \/>\n<meta name=\"twitter:card\" content=\"summary_large_image\" \/>\n<meta name=\"twitter:label1\" content=\"Est. reading time\" \/>\n\t<meta name=\"twitter:data1\" content=\"1 minuto\" \/>\n<script type=\"application\/ld+json\" class=\"yoast-schema-graph\">{\"@context\":\"https:\/\/schema.org\",\"@graph\":[{\"@type\":\"WebPage\",\"@id\":\"https:\/\/oller.cl\/venta-de\/oxymag-ventilador-de-transporte-todo-tipo-de-paciente-2\/\",\"url\":\"https:\/\/oller.cl\/venta-de\/oxymag-ventilador-de-transporte-todo-tipo-de-paciente-2\/\",\"name\":\"OXYMAG VENTILADOR DE TRANSPORTE | Todo Tipo de Paciente - Oller\",\"isPartOf\":{\"@id\":\"https:\/\/oller.cl\/#website\"},\"primaryImageOfPage\":{\"@id\":\"https:\/\/oller.cl\/venta-de\/oxymag-ventilador-de-transporte-todo-tipo-de-paciente-2\/#primaryimage\"},\"image\":{\"@id\":\"https:\/\/oller.cl\/venta-de\/oxymag-ventilador-de-transporte-todo-tipo-de-paciente-2\/#primaryimage\"},\"thumbnailUrl\":\"https:\/\/oller.cl\/wp-content\/uploads\/2024\/02\/1021-1.webp\",\"datePublished\":\"2023-12-27T12:40:00+00:00\",\"dateModified\":\"2024-02-20T14:46:19+00:00\",\"breadcrumb\":{\"@id\":\"https:\/\/oller.cl\/venta-de\/oxymag-ventilador-de-transporte-todo-tipo-de-paciente-2\/#breadcrumb\"},\"inLanguage\":\"es-CL\",\"potentialAction\":[{\"@type\":\"ReadAction\",\"target\":[\"https:\/\/oller.cl\/venta-de\/oxymag-ventilador-de-transporte-todo-tipo-de-paciente-2\/\"]}]},{\"@type\":\"ImageObject\",\"inLanguage\":\"es-CL\",\"@id\":\"https:\/\/oller.cl\/venta-de\/oxymag-ventilador-de-transporte-todo-tipo-de-paciente-2\/#primaryimage\",\"url\":\"https:\/\/oller.cl\/wp-content\/uploads\/2024\/02\/1021-1.webp\",\"contentUrl\":\"https:\/\/oller.cl\/wp-content\/uploads\/2024\/02\/1021-1.webp\",\"width\":1000,\"height\":1000},{\"@type\":\"BreadcrumbList\",\"@id\":\"https:\/\/oller.cl\/venta-de\/oxymag-ventilador-de-transporte-todo-tipo-de-paciente-2\/#breadcrumb\",\"itemListElement\":[{\"@type\":\"ListItem\",\"position\":1,\"name\":\"Portada\",\"item\":\"https:\/\/oller.cl\/\"},{\"@type\":\"ListItem\",\"position\":2,\"name\":\"Todos los Productos\",\"item\":\"https:\/\/oller.cl\/shop\/\"},{\"@type\":\"ListItem\",\"position\":3,\"name\":\"OXYMAG VENTILADOR DE TRANSPORTE | Todo Tipo de Paciente\"}]},{\"@type\":\"WebSite\",\"@id\":\"https:\/\/oller.cl\/#website\",\"url\":\"https:\/\/oller.cl\/\",\"name\":\"Oller\",\"description\":\"Equipamiento M\u00e9dico e Instrumental Quir\u00fargico\",\"potentialAction\":[{\"@type\":\"SearchAction\",\"target\":{\"@type\":\"EntryPoint\",\"urlTemplate\":\"https:\/\/oller.cl\/?s={search_term_string}\"},\"query-input\":{\"@type\":\"PropertyValueSpecification\",\"valueRequired\":true,\"valueName\":\"search_term_string\"}}],\"inLanguage\":\"es-CL\"}]}<\/script>\n<!-- \/ Yoast SEO plugin. -->","yoast_head_json":{"title":"OXYMAG VENTILADOR DE TRANSPORTE | Todo Tipo de Paciente - Oller","robots":{"index":"index","follow":"follow","max-snippet":"max-snippet:-1","max-image-preview":"max-image-preview:large","max-video-preview":"max-video-preview:-1"},"canonical":"https:\/\/oller.cl\/es\/venta-de\/oxymag-ventilador-de-transporte-todo-tipo-de-paciente-2\/","og_locale":"es_ES","og_type":"article","og_title":"OXYMAG VENTILADOR DE TRANSPORTE | Todo Tipo de Paciente - Oller","og_description":"OXYMAG El ventilador que piensa r\u00e1pido en situaciones de emergencia.  Oxymag es un ventilador de transporte altamente eficiente dise\u00f1ado para brindar una ventilaci\u00f3n de alto rendimiento en diversas situaciones cl\u00ednicas. Con una bater\u00eda de m\u00e1s de 6 horas de autonom\u00eda, Oxymag garantiza el soporte ventilatorio necesario en el transporte inter-hospitalario, intrahospitalario y en situaciones de emergencia. Este equipo port\u00e1til y robusto es ideal para pacientes de todas las edades, desde neonatos hasta adultos.  La flexibilidad en la visualizaci\u00f3n de datos facilita la toma de decisiones cl\u00ednicas, brindando a los profesionales de la salud la precisi\u00f3n necesaria en la terapia intensiva. Oxymag tambi\u00e9n ofrece dos nuevos modos opcionales: Modo RCP (Resucitaci\u00f3n Cardiopulmonar) para asistir en situaciones de paro cardiorrespiratorio y el modo de alto flujo (HFOT) para pacientes pedi\u00e1tricos y adultos.","og_url":"https:\/\/oller.cl\/es\/venta-de\/oxymag-ventilador-de-transporte-todo-tipo-de-paciente-2\/","og_site_name":"Oller","article_modified_time":"2024-02-20T14:46:19+00:00","og_image":[{"width":1000,"height":1000,"url":"https:\/\/oller.cl\/wp-content\/uploads\/2024\/02\/1021-1.webp","type":"image\/webp"}],"twitter_card":"summary_large_image","twitter_misc":{"Est. reading time":"1 minuto"},"schema":{"@context":"https:\/\/schema.org","@graph":[{"@type":"WebPage","@id":"https:\/\/oller.cl\/venta-de\/oxymag-ventilador-de-transporte-todo-tipo-de-paciente-2\/","url":"https:\/\/oller.cl\/venta-de\/oxymag-ventilador-de-transporte-todo-tipo-de-paciente-2\/","name":"OXYMAG VENTILADOR DE TRANSPORTE | Todo Tipo de Paciente - Oller","isPartOf":{"@id":"https:\/\/oller.cl\/#website"},"primaryImageOfPage":{"@id":"https:\/\/oller.cl\/venta-de\/oxymag-ventilador-de-transporte-todo-tipo-de-paciente-2\/#primaryimage"},"image":{"@id":"https:\/\/oller.cl\/venta-de\/oxymag-ventilador-de-transporte-todo-tipo-de-paciente-2\/#primaryimage"},"thumbnailUrl":"https:\/\/oller.cl\/wp-content\/uploads\/2024\/02\/1021-1.webp","datePublished":"2023-12-27T12:40:00+00:00","dateModified":"2024-02-20T14:46:19+00:00","breadcrumb":{"@id":"https:\/\/oller.cl\/venta-de\/oxymag-ventilador-de-transporte-todo-tipo-de-paciente-2\/#breadcrumb"},"inLanguage":"es-CL","potentialAction":[{"@type":"ReadAction","target":["https:\/\/oller.cl\/venta-de\/oxymag-ventilador-de-transporte-todo-tipo-de-paciente-2\/"]}]},{"@type":"ImageObject","inLanguage":"es-CL","@id":"https:\/\/oller.cl\/venta-de\/oxymag-ventilador-de-transporte-todo-tipo-de-paciente-2\/#primaryimage","url":"https:\/\/oller.cl\/wp-content\/uploads\/2024\/02\/1021-1.webp","contentUrl":"https:\/\/oller.cl\/wp-content\/uploads\/2024\/02\/1021-1.webp","width":1000,"height":1000},{"@type":"BreadcrumbList","@id":"https:\/\/oller.cl\/venta-de\/oxymag-ventilador-de-transporte-todo-tipo-de-paciente-2\/#breadcrumb","itemListElement":[{"@type":"ListItem","position":1,"name":"Portada","item":"https:\/\/oller.cl\/"},{"@type":"ListItem","position":2,"name":"Todos los Productos","item":"https:\/\/oller.cl\/shop\/"},{"@type":"ListItem","position":3,"name":"OXYMAG VENTILADOR DE TRANSPORTE | Todo Tipo de Paciente"}]},{"@type":"WebSite","@id":"https:\/\/oller.cl\/#website","url":"https:\/\/oller.cl\/","name":"Oller","description":"Equipamiento M\u00e9dico e Instrumental Quir\u00fargico","potentialAction":[{"@type":"SearchAction","target":{"@type":"EntryPoint","urlTemplate":"https:\/\/oller.cl\/?s={search_term_string}"},"query-input":{"@type":"PropertyValueSpecification","valueRequired":true,"valueName":"search_term_string"}}],"inLanguage":"es-CL"}]}},"_links":{"self":[{"href":"https:\/\/oller.cl\/es\/wp-json\/wp\/v2\/product\/7048","targetHints":{"allow":["GET"]}}],"collection":[{"href":"https:\/\/oller.cl\/es\/wp-json\/wp\/v2\/product"}],"about":[{"href":"https:\/\/oller.cl\/es\/wp-json\/wp\/v2\/types\/product"}],"wp:featuredmedia":[{"embeddable":true,"href":"https:\/\/oller.cl\/es\/wp-json\/wp\/v2\/media\/8721"}],"wp:attachment":[{"href":"https:\/\/oller.cl\/es\/wp-json\/wp\/v2\/media?parent=7048"}],"wp:term":[{"taxonomy":"product_cat","embeddable":true,"href":"https:\/\/oller.cl\/es\/wp-json\/wp\/v2\/product_cat?post=7048"},{"taxonomy":"product_tag","embeddable":true,"href":"https:\/\/oller.cl\/es\/wp-json\/wp\/v2\/product_tag?post=7048"}],"curies":[{"name":"wp","href":"https:\/\/api.w.org\/{rel}","templated":true}]}}