{"id":7046,"date":"2023-12-27T12:39:59","date_gmt":"2023-12-27T12:39:59","guid":{"rendered":"https:\/\/oller.cl\/producto\/vidar-mesa-de-operaciones-sin-control-electrico-2\/"},"modified":"2024-02-20T14:46:18","modified_gmt":"2024-02-20T14:46:18","slug":"vidar-mesa-de-operaciones-sin-control-electrico-2","status":"publish","type":"product","link":"https:\/\/oller.cl\/es\/venta-de\/vidar-mesa-de-operaciones-sin-control-electrico-2\/","title":{"rendered":"VIDAR MESA DE OPERACIONES | Sin Control El\u00e9ctrico"},"content":{"rendered":"<p><strong>Versatilidad:<\/strong><\/p>\n<ul>\n<li>Dise&ntilde;ada para realizar curaciones, procedimientos quir&uacute;rgicos, ortop&eacute;dicos, proctol&oacute;gicos, urol&oacute;gicos, ginecol&oacute;gicos, laringol&oacute;gicos, entre otros.<\/li>\n<li>Soluci&oacute;n completa para cirug&iacute;a ambulatoria, cirug&iacute;a de un d&iacute;a y servicios de urgencias hospitalarios.<\/li>\n<li>Ruedas grandes y asas especiales para facilitar el desplazamiento.<\/li>\n<\/ul>\n<hr \/>\n<p><strong>F&aacute;cil Ajuste:<\/strong><\/p>\n<ul>\n<li>Ajuste de altura mediante bomba hidr&aacute;ulica con palanca de pie.<\/li>\n<li>Ajuste de la secci&oacute;n de espalda, posici&oacute;n de Trendelenburg, reposacabezas y reposapi&eacute;s mediante pistones de gas.<\/li>\n<li>Sistema de palanca intuitivo para operaci&oacute;n f&aacute;cil y sin esfuerzo.<\/li>\n<\/ul>\n<hr \/>\n<p><strong>Funcionalidad:<\/strong><\/p>\n<ul>\n<li>Tablero transparente a los rayos X para im&aacute;genes radiogr&aacute;ficas.<\/li>\n<li>Rieles para accesorios en toda la longitud de la mesa.<\/li>\n<li>Reposacabezas y reposapi&eacute;s extra&iacute;bles.<\/li>\n<li>Colchones de espuma (60 mm u 80 mm de grosor) para comodidad y seguridad del paciente.<\/li>\n<\/ul>","protected":false},"excerpt":{"rendered":"<p>Descubre la simplicidad funcional y la versatilidad en procedimientos m\u00e9dicos con la FAMED VIDAR. Esta mesa de operaciones y tratamiento b\u00e1sica, dise\u00f1ada sin control el\u00e9ctrico, proporciona una soluci\u00f3n asequible para una variedad de procedimientos, desde curaciones simples hasta intervenciones quir\u00fargicas m\u00e1s especializadas.<\/p>\n<p>La FAMED VIDAR es una mesa funcional fabricada en acero al carbono de alta calidad recubierto con pintura en polvo, lo que facilita la limpieza y desinfecci\u00f3n. Su dise\u00f1o sencillo y construcci\u00f3n resistente hacen que sea perfecta para condiciones dif\u00edciles. Aunque carece de control el\u00e9ctrico, ofrece ajustes vers\u00e1tiles mediante una bomba hidr\u00e1ulica y pistones de gas.<\/p>","protected":false},"featured_media":8714,"template":"","meta":{"_joinchat":[]},"product_cat":[99,125],"product_tag":[],"class_list":{"0":"post-7046","1":"product","2":"type-product","3":"status-publish","4":"has-post-thumbnail","6":"product_cat-area-medica","7":"product_cat-pabellon-quirurgico","9":"first","10":"instock","11":"shipping-taxable","12":"purchasable","13":"product-type-simple"},"yoast_head":"<!-- This site is optimized with the Yoast SEO plugin v25.2 - https:\/\/yoast.com\/wordpress\/plugins\/seo\/ -->\n<title>VIDAR MESA DE OPERACIONES | Sin Control El\u00e9ctrico - Oller<\/title>\n<meta name=\"robots\" content=\"index, follow, max-snippet:-1, max-image-preview:large, max-video-preview:-1\" \/>\n<link rel=\"canonical\" href=\"https:\/\/oller.cl\/es\/venta-de\/vidar-mesa-de-operaciones-sin-control-electrico-2\/\" \/>\n<meta property=\"og:locale\" content=\"es_ES\" \/>\n<meta property=\"og:type\" content=\"article\" \/>\n<meta property=\"og:title\" content=\"VIDAR MESA DE OPERACIONES | Sin Control El\u00e9ctrico - Oller\" \/>\n<meta property=\"og:description\" content=\"Descubre la simplicidad funcional y la versatilidad en procedimientos m\u00e9dicos con la FAMED VIDAR. Esta mesa de operaciones y tratamiento b\u00e1sica, dise\u00f1ada sin control el\u00e9ctrico, proporciona una soluci\u00f3n asequible para una variedad de procedimientos, desde curaciones simples hasta intervenciones quir\u00fargicas m\u00e1s especializadas.  La FAMED VIDAR es una mesa funcional fabricada en acero al carbono de alta calidad recubierto con pintura en polvo, lo que facilita la limpieza y desinfecci\u00f3n. Su dise\u00f1o sencillo y construcci\u00f3n resistente hacen que sea perfecta para condiciones dif\u00edciles. Aunque carece de control el\u00e9ctrico, ofrece ajustes vers\u00e1tiles mediante una bomba hidr\u00e1ulica y pistones de gas.\" \/>\n<meta property=\"og:url\" content=\"https:\/\/oller.cl\/es\/venta-de\/vidar-mesa-de-operaciones-sin-control-electrico-2\/\" \/>\n<meta property=\"og:site_name\" content=\"Oller\" \/>\n<meta property=\"article:modified_time\" content=\"2024-02-20T14:46:18+00:00\" \/>\n<meta property=\"og:image\" content=\"https:\/\/oller.cl\/wp-content\/uploads\/2024\/02\/1019-1.webp\" \/>\n\t<meta property=\"og:image:width\" content=\"1000\" \/>\n\t<meta property=\"og:image:height\" content=\"1000\" \/>\n\t<meta property=\"og:image:type\" content=\"image\/webp\" \/>\n<meta name=\"twitter:card\" content=\"summary_large_image\" \/>\n<meta name=\"twitter:label1\" content=\"Est. reading time\" \/>\n\t<meta name=\"twitter:data1\" content=\"1 minuto\" \/>\n<script type=\"application\/ld+json\" class=\"yoast-schema-graph\">{\"@context\":\"https:\/\/schema.org\",\"@graph\":[{\"@type\":\"WebPage\",\"@id\":\"https:\/\/oller.cl\/venta-de\/vidar-mesa-de-operaciones-sin-control-electrico-2\/\",\"url\":\"https:\/\/oller.cl\/venta-de\/vidar-mesa-de-operaciones-sin-control-electrico-2\/\",\"name\":\"VIDAR MESA DE OPERACIONES | Sin Control El\u00e9ctrico - Oller\",\"isPartOf\":{\"@id\":\"https:\/\/oller.cl\/#website\"},\"primaryImageOfPage\":{\"@id\":\"https:\/\/oller.cl\/venta-de\/vidar-mesa-de-operaciones-sin-control-electrico-2\/#primaryimage\"},\"image\":{\"@id\":\"https:\/\/oller.cl\/venta-de\/vidar-mesa-de-operaciones-sin-control-electrico-2\/#primaryimage\"},\"thumbnailUrl\":\"https:\/\/oller.cl\/wp-content\/uploads\/2024\/02\/1019-1.webp\",\"datePublished\":\"2023-12-27T12:39:59+00:00\",\"dateModified\":\"2024-02-20T14:46:18+00:00\",\"breadcrumb\":{\"@id\":\"https:\/\/oller.cl\/venta-de\/vidar-mesa-de-operaciones-sin-control-electrico-2\/#breadcrumb\"},\"inLanguage\":\"es-CL\",\"potentialAction\":[{\"@type\":\"ReadAction\",\"target\":[\"https:\/\/oller.cl\/venta-de\/vidar-mesa-de-operaciones-sin-control-electrico-2\/\"]}]},{\"@type\":\"ImageObject\",\"inLanguage\":\"es-CL\",\"@id\":\"https:\/\/oller.cl\/venta-de\/vidar-mesa-de-operaciones-sin-control-electrico-2\/#primaryimage\",\"url\":\"https:\/\/oller.cl\/wp-content\/uploads\/2024\/02\/1019-1.webp\",\"contentUrl\":\"https:\/\/oller.cl\/wp-content\/uploads\/2024\/02\/1019-1.webp\",\"width\":1000,\"height\":1000},{\"@type\":\"BreadcrumbList\",\"@id\":\"https:\/\/oller.cl\/venta-de\/vidar-mesa-de-operaciones-sin-control-electrico-2\/#breadcrumb\",\"itemListElement\":[{\"@type\":\"ListItem\",\"position\":1,\"name\":\"Portada\",\"item\":\"https:\/\/oller.cl\/\"},{\"@type\":\"ListItem\",\"position\":2,\"name\":\"Todos los Productos\",\"item\":\"https:\/\/oller.cl\/shop\/\"},{\"@type\":\"ListItem\",\"position\":3,\"name\":\"VIDAR MESA DE OPERACIONES | Sin Control El\u00e9ctrico\"}]},{\"@type\":\"WebSite\",\"@id\":\"https:\/\/oller.cl\/#website\",\"url\":\"https:\/\/oller.cl\/\",\"name\":\"Oller\",\"description\":\"Equipamiento M\u00e9dico e Instrumental Quir\u00fargico\",\"potentialAction\":[{\"@type\":\"SearchAction\",\"target\":{\"@type\":\"EntryPoint\",\"urlTemplate\":\"https:\/\/oller.cl\/?s={search_term_string}\"},\"query-input\":{\"@type\":\"PropertyValueSpecification\",\"valueRequired\":true,\"valueName\":\"search_term_string\"}}],\"inLanguage\":\"es-CL\"}]}<\/script>\n<!-- \/ Yoast SEO plugin. -->","yoast_head_json":{"title":"VIDAR MESA DE OPERACIONES | Sin Control El\u00e9ctrico - Oller","robots":{"index":"index","follow":"follow","max-snippet":"max-snippet:-1","max-image-preview":"max-image-preview:large","max-video-preview":"max-video-preview:-1"},"canonical":"https:\/\/oller.cl\/es\/venta-de\/vidar-mesa-de-operaciones-sin-control-electrico-2\/","og_locale":"es_ES","og_type":"article","og_title":"VIDAR MESA DE OPERACIONES | Sin Control El\u00e9ctrico - Oller","og_description":"Descubre la simplicidad funcional y la versatilidad en procedimientos m\u00e9dicos con la FAMED VIDAR. Esta mesa de operaciones y tratamiento b\u00e1sica, dise\u00f1ada sin control el\u00e9ctrico, proporciona una soluci\u00f3n asequible para una variedad de procedimientos, desde curaciones simples hasta intervenciones quir\u00fargicas m\u00e1s especializadas.  La FAMED VIDAR es una mesa funcional fabricada en acero al carbono de alta calidad recubierto con pintura en polvo, lo que facilita la limpieza y desinfecci\u00f3n. Su dise\u00f1o sencillo y construcci\u00f3n resistente hacen que sea perfecta para condiciones dif\u00edciles. Aunque carece de control el\u00e9ctrico, ofrece ajustes vers\u00e1tiles mediante una bomba hidr\u00e1ulica y pistones de gas.","og_url":"https:\/\/oller.cl\/es\/venta-de\/vidar-mesa-de-operaciones-sin-control-electrico-2\/","og_site_name":"Oller","article_modified_time":"2024-02-20T14:46:18+00:00","og_image":[{"width":1000,"height":1000,"url":"https:\/\/oller.cl\/wp-content\/uploads\/2024\/02\/1019-1.webp","type":"image\/webp"}],"twitter_card":"summary_large_image","twitter_misc":{"Est. reading time":"1 minuto"},"schema":{"@context":"https:\/\/schema.org","@graph":[{"@type":"WebPage","@id":"https:\/\/oller.cl\/venta-de\/vidar-mesa-de-operaciones-sin-control-electrico-2\/","url":"https:\/\/oller.cl\/venta-de\/vidar-mesa-de-operaciones-sin-control-electrico-2\/","name":"VIDAR MESA DE OPERACIONES | Sin Control El\u00e9ctrico - Oller","isPartOf":{"@id":"https:\/\/oller.cl\/#website"},"primaryImageOfPage":{"@id":"https:\/\/oller.cl\/venta-de\/vidar-mesa-de-operaciones-sin-control-electrico-2\/#primaryimage"},"image":{"@id":"https:\/\/oller.cl\/venta-de\/vidar-mesa-de-operaciones-sin-control-electrico-2\/#primaryimage"},"thumbnailUrl":"https:\/\/oller.cl\/wp-content\/uploads\/2024\/02\/1019-1.webp","datePublished":"2023-12-27T12:39:59+00:00","dateModified":"2024-02-20T14:46:18+00:00","breadcrumb":{"@id":"https:\/\/oller.cl\/venta-de\/vidar-mesa-de-operaciones-sin-control-electrico-2\/#breadcrumb"},"inLanguage":"es-CL","potentialAction":[{"@type":"ReadAction","target":["https:\/\/oller.cl\/venta-de\/vidar-mesa-de-operaciones-sin-control-electrico-2\/"]}]},{"@type":"ImageObject","inLanguage":"es-CL","@id":"https:\/\/oller.cl\/venta-de\/vidar-mesa-de-operaciones-sin-control-electrico-2\/#primaryimage","url":"https:\/\/oller.cl\/wp-content\/uploads\/2024\/02\/1019-1.webp","contentUrl":"https:\/\/oller.cl\/wp-content\/uploads\/2024\/02\/1019-1.webp","width":1000,"height":1000},{"@type":"BreadcrumbList","@id":"https:\/\/oller.cl\/venta-de\/vidar-mesa-de-operaciones-sin-control-electrico-2\/#breadcrumb","itemListElement":[{"@type":"ListItem","position":1,"name":"Portada","item":"https:\/\/oller.cl\/"},{"@type":"ListItem","position":2,"name":"Todos los Productos","item":"https:\/\/oller.cl\/shop\/"},{"@type":"ListItem","position":3,"name":"VIDAR MESA DE OPERACIONES | Sin Control El\u00e9ctrico"}]},{"@type":"WebSite","@id":"https:\/\/oller.cl\/#website","url":"https:\/\/oller.cl\/","name":"Oller","description":"Equipamiento M\u00e9dico e Instrumental Quir\u00fargico","potentialAction":[{"@type":"SearchAction","target":{"@type":"EntryPoint","urlTemplate":"https:\/\/oller.cl\/?s={search_term_string}"},"query-input":{"@type":"PropertyValueSpecification","valueRequired":true,"valueName":"search_term_string"}}],"inLanguage":"es-CL"}]}},"_links":{"self":[{"href":"https:\/\/oller.cl\/es\/wp-json\/wp\/v2\/product\/7046","targetHints":{"allow":["GET"]}}],"collection":[{"href":"https:\/\/oller.cl\/es\/wp-json\/wp\/v2\/product"}],"about":[{"href":"https:\/\/oller.cl\/es\/wp-json\/wp\/v2\/types\/product"}],"wp:featuredmedia":[{"embeddable":true,"href":"https:\/\/oller.cl\/es\/wp-json\/wp\/v2\/media\/8714"}],"wp:attachment":[{"href":"https:\/\/oller.cl\/es\/wp-json\/wp\/v2\/media?parent=7046"}],"wp:term":[{"taxonomy":"product_cat","embeddable":true,"href":"https:\/\/oller.cl\/es\/wp-json\/wp\/v2\/product_cat?post=7046"},{"taxonomy":"product_tag","embeddable":true,"href":"https:\/\/oller.cl\/es\/wp-json\/wp\/v2\/product_tag?post=7046"}],"curies":[{"name":"wp","href":"https:\/\/api.w.org\/{rel}","templated":true}]}}