{"id":7045,"date":"2023-12-27T12:39:58","date_gmt":"2023-12-27T12:39:58","guid":{"rendered":"https:\/\/oller.cl\/producto\/su-14-mesa-de-operaciones-control-electrico-de-altura-2\/"},"modified":"2024-02-20T14:46:18","modified_gmt":"2024-02-20T14:46:18","slug":"su-14-mesa-de-operaciones-control-electrico-de-altura-2","status":"publish","type":"product","link":"https:\/\/oller.cl\/es\/venta-de\/su-14-mesa-de-operaciones-control-electrico-de-altura-2\/","title":{"rendered":"SU-14 MESA DE OPERACIONES | Control El\u00e9ctrico de Altura"},"content":{"rendered":"<p><strong>Versatilidad:<\/strong><\/p>\n<ul>\n<li>Destinada para cirug&iacute;a general, vascular, cardiocirug&iacute;a, neurocirug&iacute;a, urolog&iacute;a, ginecolog&iacute;a, proctolog&iacute;a, laringolog&iacute;a, ocular y m&aacute;s.<\/li>\n<li>Dise&ntilde;o que combina una mesa de quir&oacute;fano con una camilla de transporte.<\/li>\n<li>Ruedas estables de gran di&aacute;metro para superar obst&aacute;culos en corredores.<\/li>\n<\/ul>\n<hr \/>\n<p><strong>Ajustes El&eacute;ctricos:<\/strong><\/p>\n<ul>\n<li>Control el&eacute;ctrico de altura, inclinaci&oacute;n lateral, Trendelenburg y anti-Trendelenburg.<\/li>\n<li>Sistema de control que permite programar tres posiciones predeterminadas del tablero y la mesa.<\/li>\n<li>Mando a distancia bbSafe&trade; para un manejo conveniente.<\/li>\n<\/ul>\n<hr \/>\n<p><strong>Alta Calidad:<\/strong><\/p>\n<ul>\n<li>Fabricada en Polonia con un enfoque en calidad en la planta de Zywiec.<\/li>\n<li>Estructura de acero de alta calidad que garantiza un funcionamiento prolongado y sin problemas.<\/li>\n<li>Cubierta con pintura en polvo de poli&eacute;ster y epoxi para facilitar la desinfecci&oacute;n.<\/li>\n<\/ul>","protected":false},"excerpt":{"rendered":"<p>Descubre la versatilidad y eficiencia en tratamientos quir\u00fargicos y transporte con la FAMED SU-14. Esta mesa de operaciones con control el\u00e9ctrico de altura est\u00e1 dise\u00f1ada para ser utilizada en una amplia gama de procedimientos m\u00e9dicos, desde cirug\u00eda general hasta especialidades como neurocirug\u00eda, urolog\u00eda y m\u00e1s.<\/p>\n<p>La FAMED SU-14 es una mesa econ\u00f3mica que combina las funciones de una mesa de quir\u00f3fano y una camilla de transporte. Su control el\u00e9ctrico de altura, junto con la posibilidad de programar configuraciones predefinidas, facilita el manejo y reduce la duraci\u00f3n del tratamiento. Fabricada con acero al carbono de alta calidad y cubierta con pintura en polvo de poli\u00e9ster y epoxi, garantiza durabilidad y facilidad de desinfecci\u00f3n.<\/p>","protected":false},"featured_media":8711,"template":"","meta":{"_joinchat":[]},"product_cat":[99,125],"product_tag":[],"class_list":{"0":"post-7045","1":"product","2":"type-product","3":"status-publish","4":"has-post-thumbnail","6":"product_cat-area-medica","7":"product_cat-pabellon-quirurgico","9":"first","10":"instock","11":"shipping-taxable","12":"purchasable","13":"product-type-simple"},"yoast_head":"<!-- This site is optimized with the Yoast SEO plugin v25.2 - https:\/\/yoast.com\/wordpress\/plugins\/seo\/ -->\n<title>SU-14 MESA DE OPERACIONES | Control El\u00e9ctrico de Altura - Oller<\/title>\n<meta name=\"robots\" content=\"index, follow, max-snippet:-1, max-image-preview:large, max-video-preview:-1\" \/>\n<link rel=\"canonical\" href=\"https:\/\/oller.cl\/es\/venta-de\/su-14-mesa-de-operaciones-control-electrico-de-altura-2\/\" \/>\n<meta property=\"og:locale\" content=\"es_ES\" \/>\n<meta property=\"og:type\" content=\"article\" \/>\n<meta property=\"og:title\" content=\"SU-14 MESA DE OPERACIONES | Control El\u00e9ctrico de Altura - Oller\" \/>\n<meta property=\"og:description\" content=\"Descubre la versatilidad y eficiencia en tratamientos quir\u00fargicos y transporte con la FAMED SU-14. Esta mesa de operaciones con control el\u00e9ctrico de altura est\u00e1 dise\u00f1ada para ser utilizada en una amplia gama de procedimientos m\u00e9dicos, desde cirug\u00eda general hasta especialidades como neurocirug\u00eda, urolog\u00eda y m\u00e1s.  La FAMED SU-14 es una mesa econ\u00f3mica que combina las funciones de una mesa de quir\u00f3fano y una camilla de transporte. Su control el\u00e9ctrico de altura, junto con la posibilidad de programar configuraciones predefinidas, facilita el manejo y reduce la duraci\u00f3n del tratamiento. Fabricada con acero al carbono de alta calidad y cubierta con pintura en polvo de poli\u00e9ster y epoxi, garantiza durabilidad y facilidad de desinfecci\u00f3n.\" \/>\n<meta property=\"og:url\" content=\"https:\/\/oller.cl\/es\/venta-de\/su-14-mesa-de-operaciones-control-electrico-de-altura-2\/\" \/>\n<meta property=\"og:site_name\" content=\"Oller\" \/>\n<meta property=\"article:modified_time\" content=\"2024-02-20T14:46:18+00:00\" \/>\n<meta property=\"og:image\" content=\"https:\/\/oller.cl\/wp-content\/uploads\/2024\/02\/1018-1.webp\" \/>\n\t<meta property=\"og:image:width\" content=\"1000\" \/>\n\t<meta property=\"og:image:height\" content=\"1000\" \/>\n\t<meta property=\"og:image:type\" content=\"image\/webp\" \/>\n<meta name=\"twitter:card\" content=\"summary_large_image\" \/>\n<meta name=\"twitter:label1\" content=\"Est. reading time\" \/>\n\t<meta name=\"twitter:data1\" content=\"1 minuto\" \/>\n<script type=\"application\/ld+json\" class=\"yoast-schema-graph\">{\"@context\":\"https:\/\/schema.org\",\"@graph\":[{\"@type\":\"WebPage\",\"@id\":\"https:\/\/oller.cl\/venta-de\/su-14-mesa-de-operaciones-control-electrico-de-altura-2\/\",\"url\":\"https:\/\/oller.cl\/venta-de\/su-14-mesa-de-operaciones-control-electrico-de-altura-2\/\",\"name\":\"SU-14 MESA DE OPERACIONES | Control El\u00e9ctrico de Altura - Oller\",\"isPartOf\":{\"@id\":\"https:\/\/oller.cl\/#website\"},\"primaryImageOfPage\":{\"@id\":\"https:\/\/oller.cl\/venta-de\/su-14-mesa-de-operaciones-control-electrico-de-altura-2\/#primaryimage\"},\"image\":{\"@id\":\"https:\/\/oller.cl\/venta-de\/su-14-mesa-de-operaciones-control-electrico-de-altura-2\/#primaryimage\"},\"thumbnailUrl\":\"https:\/\/oller.cl\/wp-content\/uploads\/2024\/02\/1018-1.webp\",\"datePublished\":\"2023-12-27T12:39:58+00:00\",\"dateModified\":\"2024-02-20T14:46:18+00:00\",\"breadcrumb\":{\"@id\":\"https:\/\/oller.cl\/venta-de\/su-14-mesa-de-operaciones-control-electrico-de-altura-2\/#breadcrumb\"},\"inLanguage\":\"es-CL\",\"potentialAction\":[{\"@type\":\"ReadAction\",\"target\":[\"https:\/\/oller.cl\/venta-de\/su-14-mesa-de-operaciones-control-electrico-de-altura-2\/\"]}]},{\"@type\":\"ImageObject\",\"inLanguage\":\"es-CL\",\"@id\":\"https:\/\/oller.cl\/venta-de\/su-14-mesa-de-operaciones-control-electrico-de-altura-2\/#primaryimage\",\"url\":\"https:\/\/oller.cl\/wp-content\/uploads\/2024\/02\/1018-1.webp\",\"contentUrl\":\"https:\/\/oller.cl\/wp-content\/uploads\/2024\/02\/1018-1.webp\",\"width\":1000,\"height\":1000},{\"@type\":\"BreadcrumbList\",\"@id\":\"https:\/\/oller.cl\/venta-de\/su-14-mesa-de-operaciones-control-electrico-de-altura-2\/#breadcrumb\",\"itemListElement\":[{\"@type\":\"ListItem\",\"position\":1,\"name\":\"Portada\",\"item\":\"https:\/\/oller.cl\/\"},{\"@type\":\"ListItem\",\"position\":2,\"name\":\"Todos los Productos\",\"item\":\"https:\/\/oller.cl\/shop\/\"},{\"@type\":\"ListItem\",\"position\":3,\"name\":\"SU-14 MESA DE OPERACIONES | Control El\u00e9ctrico de Altura\"}]},{\"@type\":\"WebSite\",\"@id\":\"https:\/\/oller.cl\/#website\",\"url\":\"https:\/\/oller.cl\/\",\"name\":\"Oller\",\"description\":\"Equipamiento M\u00e9dico e Instrumental Quir\u00fargico\",\"potentialAction\":[{\"@type\":\"SearchAction\",\"target\":{\"@type\":\"EntryPoint\",\"urlTemplate\":\"https:\/\/oller.cl\/?s={search_term_string}\"},\"query-input\":{\"@type\":\"PropertyValueSpecification\",\"valueRequired\":true,\"valueName\":\"search_term_string\"}}],\"inLanguage\":\"es-CL\"}]}<\/script>\n<!-- \/ Yoast SEO plugin. -->","yoast_head_json":{"title":"SU-14 MESA DE OPERACIONES | Control El\u00e9ctrico de Altura - Oller","robots":{"index":"index","follow":"follow","max-snippet":"max-snippet:-1","max-image-preview":"max-image-preview:large","max-video-preview":"max-video-preview:-1"},"canonical":"https:\/\/oller.cl\/es\/venta-de\/su-14-mesa-de-operaciones-control-electrico-de-altura-2\/","og_locale":"es_ES","og_type":"article","og_title":"SU-14 MESA DE OPERACIONES | Control El\u00e9ctrico de Altura - Oller","og_description":"Descubre la versatilidad y eficiencia en tratamientos quir\u00fargicos y transporte con la FAMED SU-14. Esta mesa de operaciones con control el\u00e9ctrico de altura est\u00e1 dise\u00f1ada para ser utilizada en una amplia gama de procedimientos m\u00e9dicos, desde cirug\u00eda general hasta especialidades como neurocirug\u00eda, urolog\u00eda y m\u00e1s.  La FAMED SU-14 es una mesa econ\u00f3mica que combina las funciones de una mesa de quir\u00f3fano y una camilla de transporte. Su control el\u00e9ctrico de altura, junto con la posibilidad de programar configuraciones predefinidas, facilita el manejo y reduce la duraci\u00f3n del tratamiento. Fabricada con acero al carbono de alta calidad y cubierta con pintura en polvo de poli\u00e9ster y epoxi, garantiza durabilidad y facilidad de desinfecci\u00f3n.","og_url":"https:\/\/oller.cl\/es\/venta-de\/su-14-mesa-de-operaciones-control-electrico-de-altura-2\/","og_site_name":"Oller","article_modified_time":"2024-02-20T14:46:18+00:00","og_image":[{"width":1000,"height":1000,"url":"https:\/\/oller.cl\/wp-content\/uploads\/2024\/02\/1018-1.webp","type":"image\/webp"}],"twitter_card":"summary_large_image","twitter_misc":{"Est. reading time":"1 minuto"},"schema":{"@context":"https:\/\/schema.org","@graph":[{"@type":"WebPage","@id":"https:\/\/oller.cl\/venta-de\/su-14-mesa-de-operaciones-control-electrico-de-altura-2\/","url":"https:\/\/oller.cl\/venta-de\/su-14-mesa-de-operaciones-control-electrico-de-altura-2\/","name":"SU-14 MESA DE OPERACIONES | Control El\u00e9ctrico de Altura - Oller","isPartOf":{"@id":"https:\/\/oller.cl\/#website"},"primaryImageOfPage":{"@id":"https:\/\/oller.cl\/venta-de\/su-14-mesa-de-operaciones-control-electrico-de-altura-2\/#primaryimage"},"image":{"@id":"https:\/\/oller.cl\/venta-de\/su-14-mesa-de-operaciones-control-electrico-de-altura-2\/#primaryimage"},"thumbnailUrl":"https:\/\/oller.cl\/wp-content\/uploads\/2024\/02\/1018-1.webp","datePublished":"2023-12-27T12:39:58+00:00","dateModified":"2024-02-20T14:46:18+00:00","breadcrumb":{"@id":"https:\/\/oller.cl\/venta-de\/su-14-mesa-de-operaciones-control-electrico-de-altura-2\/#breadcrumb"},"inLanguage":"es-CL","potentialAction":[{"@type":"ReadAction","target":["https:\/\/oller.cl\/venta-de\/su-14-mesa-de-operaciones-control-electrico-de-altura-2\/"]}]},{"@type":"ImageObject","inLanguage":"es-CL","@id":"https:\/\/oller.cl\/venta-de\/su-14-mesa-de-operaciones-control-electrico-de-altura-2\/#primaryimage","url":"https:\/\/oller.cl\/wp-content\/uploads\/2024\/02\/1018-1.webp","contentUrl":"https:\/\/oller.cl\/wp-content\/uploads\/2024\/02\/1018-1.webp","width":1000,"height":1000},{"@type":"BreadcrumbList","@id":"https:\/\/oller.cl\/venta-de\/su-14-mesa-de-operaciones-control-electrico-de-altura-2\/#breadcrumb","itemListElement":[{"@type":"ListItem","position":1,"name":"Portada","item":"https:\/\/oller.cl\/"},{"@type":"ListItem","position":2,"name":"Todos los Productos","item":"https:\/\/oller.cl\/shop\/"},{"@type":"ListItem","position":3,"name":"SU-14 MESA DE OPERACIONES | Control El\u00e9ctrico de Altura"}]},{"@type":"WebSite","@id":"https:\/\/oller.cl\/#website","url":"https:\/\/oller.cl\/","name":"Oller","description":"Equipamiento M\u00e9dico e Instrumental Quir\u00fargico","potentialAction":[{"@type":"SearchAction","target":{"@type":"EntryPoint","urlTemplate":"https:\/\/oller.cl\/?s={search_term_string}"},"query-input":{"@type":"PropertyValueSpecification","valueRequired":true,"valueName":"search_term_string"}}],"inLanguage":"es-CL"}]}},"_links":{"self":[{"href":"https:\/\/oller.cl\/es\/wp-json\/wp\/v2\/product\/7045","targetHints":{"allow":["GET"]}}],"collection":[{"href":"https:\/\/oller.cl\/es\/wp-json\/wp\/v2\/product"}],"about":[{"href":"https:\/\/oller.cl\/es\/wp-json\/wp\/v2\/types\/product"}],"wp:featuredmedia":[{"embeddable":true,"href":"https:\/\/oller.cl\/es\/wp-json\/wp\/v2\/media\/8711"}],"wp:attachment":[{"href":"https:\/\/oller.cl\/es\/wp-json\/wp\/v2\/media?parent=7045"}],"wp:term":[{"taxonomy":"product_cat","embeddable":true,"href":"https:\/\/oller.cl\/es\/wp-json\/wp\/v2\/product_cat?post=7045"},{"taxonomy":"product_tag","embeddable":true,"href":"https:\/\/oller.cl\/es\/wp-json\/wp\/v2\/product_tag?post=7045"}],"curies":[{"name":"wp","href":"https:\/\/api.w.org\/{rel}","templated":true}]}}