{"id":7043,"date":"2023-12-27T12:39:58","date_gmt":"2023-12-27T12:39:58","guid":{"rendered":"https:\/\/oller.cl\/producto\/su-02-mesa-de-operaciones-resistente-sin-mando-electrico-2\/"},"modified":"2024-02-20T14:46:17","modified_gmt":"2024-02-20T14:46:17","slug":"su-02-mesa-de-operaciones-resistente-sin-mando-electrico-2","status":"publish","type":"product","link":"https:\/\/oller.cl\/es\/venta-de\/su-02-mesa-de-operaciones-resistente-sin-mando-electrico-2\/","title":{"rendered":"SU-02 MESA DE OPERACIONES | Resistente sin Mando El\u00e9ctrico"},"content":{"rendered":"<ol>\n<li style=\"text-align: justify;\"><strong>Versatilidad:<\/strong><\/li>\n<ul style=\"text-align: justify;\">\n<li>Cuatro tipos de tablero a elegir, incluyendo un especial tablero de cuatro segmentos con placa reposapi&eacute;s.<\/li>\n<li>Base m&oacute;vil con sistema central de bloqueo en forma &#8220;T&#8221; (patas plegables) o forma &#8220;H&#8221; (S&uacute;per m&oacute;vil con grandes ruedas).<\/li>\n<li>Tablero transparente a los rayos X para trabajar con brazo C.<br \/>\n<hr \/>\n<\/li>\n<\/ul>\n<li style=\"text-align: justify;\"><strong>Ajuste Sencillo:<\/strong><\/li>\n<ul style=\"text-align: justify;\">\n<li>Altura del tablero ajustada mediante bomba de pie.<\/li>\n<li>Inclinaciones laterales, posici&oacute;n de Trendelenbur y anti-Trendelenburg, elevaci&oacute;n de banco lumbar, inclinaci&oacute;n del respaldo, reposacabezas y reposapi&eacute;s ajustados manualmente.<\/li>\n<li>Asistencia mediante muelles de gas o bomba hidr&aacute;ulica para movimientos que requieren esfuerzo.<br \/>\n<hr \/>\n<\/li>\n<\/ul>\n<li style=\"text-align: justify;\"><strong>Multitud de Posiciones:<\/strong><\/li>\n<ul>\n<li style=\"text-align: justify;\">Reposapi&eacute;s separables para abrir c&oacute;modamente las piernas del paciente.<\/li>\n<li style=\"text-align: justify;\">R&aacute;pido desmontaje de la secci&oacute;n de piernas para acercarse al paciente.<\/li>\n<li style=\"text-align: justify;\">Listones en toda la longitud del segmento para fijar c&oacute;modamente el equipamiento complementario.<\/li>\n<li style=\"text-align: justify;\">Compatible con suplementos neuroquir&uacute;rgicos u ortop&eacute;dicos especiales.<\/li>\n<li style=\"text-align: justify;\">A pesar de un peso reducido, la mesa es estable y ofrece una elevada carga m&aacute;xima, permitiendo el montaje de accesorios grandes y pesados.<\/li>\n<\/ul>\n<\/ol>","protected":false},"excerpt":{"rendered":"<p>Descubre la resistencia y versatilidad en cirug\u00eda con la FAMED SU-02, una mesa de operaciones completamente funcional sin elementos de mando el\u00e9ctrico. Dise\u00f1ada para entornos donde la electricidad no est\u00e1 disponible o para aquellos que buscan una opci\u00f3n sin riesgo de aver\u00eda, esta mesa ofrece simplicidad estructural y facilidad de mantenimiento.<\/p>\n<p>La FAMED SU-02 es una mesa de operaciones resistente que elimina pr\u00e1cticamente el riesgo de aver\u00eda al no contar con elementos de mando el\u00e9ctrico. Ideal para zonas sin corriente el\u00e9ctrica, su estructura simple y mantenimiento sencillo la convierten en una opci\u00f3n pr\u00e1ctica. Fabricada con acero inoxidable de alta calidad AISI 316L y tecnolog\u00eda InteliProtectPlus\u2122, garantiza f\u00e1cil desinfecci\u00f3n y previene la acumulaci\u00f3n de polvo y suciedad.<\/p>","protected":false},"featured_media":8702,"template":"","meta":{"_joinchat":[]},"product_cat":[99,125],"product_tag":[],"class_list":{"0":"post-7043","1":"product","2":"type-product","3":"status-publish","4":"has-post-thumbnail","6":"product_cat-area-medica","7":"product_cat-pabellon-quirurgico","9":"first","10":"instock","11":"shipping-taxable","12":"purchasable","13":"product-type-simple"},"yoast_head":"<!-- This site is optimized with the Yoast SEO plugin v25.2 - https:\/\/yoast.com\/wordpress\/plugins\/seo\/ -->\n<title>SU-02 MESA DE OPERACIONES | Resistente sin Mando El\u00e9ctrico - Oller<\/title>\n<meta name=\"robots\" content=\"index, follow, max-snippet:-1, max-image-preview:large, max-video-preview:-1\" \/>\n<link rel=\"canonical\" href=\"https:\/\/oller.cl\/es\/venta-de\/su-02-mesa-de-operaciones-resistente-sin-mando-electrico-2\/\" \/>\n<meta property=\"og:locale\" content=\"es_ES\" \/>\n<meta property=\"og:type\" content=\"article\" \/>\n<meta property=\"og:title\" content=\"SU-02 MESA DE OPERACIONES | Resistente sin Mando El\u00e9ctrico - Oller\" \/>\n<meta property=\"og:description\" content=\"Descubre la resistencia y versatilidad en cirug\u00eda con la FAMED SU-02, una mesa de operaciones completamente funcional sin elementos de mando el\u00e9ctrico. Dise\u00f1ada para entornos donde la electricidad no est\u00e1 disponible o para aquellos que buscan una opci\u00f3n sin riesgo de aver\u00eda, esta mesa ofrece simplicidad estructural y facilidad de mantenimiento.  La FAMED SU-02 es una mesa de operaciones resistente que elimina pr\u00e1cticamente el riesgo de aver\u00eda al no contar con elementos de mando el\u00e9ctrico. Ideal para zonas sin corriente el\u00e9ctrica, su estructura simple y mantenimiento sencillo la convierten en una opci\u00f3n pr\u00e1ctica. Fabricada con acero inoxidable de alta calidad AISI 316L y tecnolog\u00eda InteliProtectPlus\u2122, garantiza f\u00e1cil desinfecci\u00f3n y previene la acumulaci\u00f3n de polvo y suciedad.\" \/>\n<meta property=\"og:url\" content=\"https:\/\/oller.cl\/es\/venta-de\/su-02-mesa-de-operaciones-resistente-sin-mando-electrico-2\/\" \/>\n<meta property=\"og:site_name\" content=\"Oller\" \/>\n<meta property=\"article:modified_time\" content=\"2024-02-20T14:46:17+00:00\" \/>\n<meta property=\"og:image\" content=\"https:\/\/oller.cl\/wp-content\/uploads\/2024\/02\/1016-1.webp\" \/>\n\t<meta property=\"og:image:width\" content=\"1000\" \/>\n\t<meta property=\"og:image:height\" content=\"1000\" \/>\n\t<meta property=\"og:image:type\" content=\"image\/webp\" \/>\n<meta name=\"twitter:card\" content=\"summary_large_image\" \/>\n<meta name=\"twitter:label1\" content=\"Est. reading time\" \/>\n\t<meta name=\"twitter:data1\" content=\"1 minuto\" \/>\n<script type=\"application\/ld+json\" class=\"yoast-schema-graph\">{\"@context\":\"https:\/\/schema.org\",\"@graph\":[{\"@type\":\"WebPage\",\"@id\":\"https:\/\/oller.cl\/venta-de\/su-02-mesa-de-operaciones-resistente-sin-mando-electrico-2\/\",\"url\":\"https:\/\/oller.cl\/venta-de\/su-02-mesa-de-operaciones-resistente-sin-mando-electrico-2\/\",\"name\":\"SU-02 MESA DE OPERACIONES | Resistente sin Mando El\u00e9ctrico - Oller\",\"isPartOf\":{\"@id\":\"https:\/\/oller.cl\/#website\"},\"primaryImageOfPage\":{\"@id\":\"https:\/\/oller.cl\/venta-de\/su-02-mesa-de-operaciones-resistente-sin-mando-electrico-2\/#primaryimage\"},\"image\":{\"@id\":\"https:\/\/oller.cl\/venta-de\/su-02-mesa-de-operaciones-resistente-sin-mando-electrico-2\/#primaryimage\"},\"thumbnailUrl\":\"https:\/\/oller.cl\/wp-content\/uploads\/2024\/02\/1016-1.webp\",\"datePublished\":\"2023-12-27T12:39:58+00:00\",\"dateModified\":\"2024-02-20T14:46:17+00:00\",\"breadcrumb\":{\"@id\":\"https:\/\/oller.cl\/venta-de\/su-02-mesa-de-operaciones-resistente-sin-mando-electrico-2\/#breadcrumb\"},\"inLanguage\":\"es-CL\",\"potentialAction\":[{\"@type\":\"ReadAction\",\"target\":[\"https:\/\/oller.cl\/venta-de\/su-02-mesa-de-operaciones-resistente-sin-mando-electrico-2\/\"]}]},{\"@type\":\"ImageObject\",\"inLanguage\":\"es-CL\",\"@id\":\"https:\/\/oller.cl\/venta-de\/su-02-mesa-de-operaciones-resistente-sin-mando-electrico-2\/#primaryimage\",\"url\":\"https:\/\/oller.cl\/wp-content\/uploads\/2024\/02\/1016-1.webp\",\"contentUrl\":\"https:\/\/oller.cl\/wp-content\/uploads\/2024\/02\/1016-1.webp\",\"width\":1000,\"height\":1000},{\"@type\":\"BreadcrumbList\",\"@id\":\"https:\/\/oller.cl\/venta-de\/su-02-mesa-de-operaciones-resistente-sin-mando-electrico-2\/#breadcrumb\",\"itemListElement\":[{\"@type\":\"ListItem\",\"position\":1,\"name\":\"Portada\",\"item\":\"https:\/\/oller.cl\/\"},{\"@type\":\"ListItem\",\"position\":2,\"name\":\"Todos los Productos\",\"item\":\"https:\/\/oller.cl\/shop\/\"},{\"@type\":\"ListItem\",\"position\":3,\"name\":\"SU-02 MESA DE OPERACIONES | Resistente sin Mando El\u00e9ctrico\"}]},{\"@type\":\"WebSite\",\"@id\":\"https:\/\/oller.cl\/#website\",\"url\":\"https:\/\/oller.cl\/\",\"name\":\"Oller\",\"description\":\"Equipamiento M\u00e9dico e Instrumental Quir\u00fargico\",\"potentialAction\":[{\"@type\":\"SearchAction\",\"target\":{\"@type\":\"EntryPoint\",\"urlTemplate\":\"https:\/\/oller.cl\/?s={search_term_string}\"},\"query-input\":{\"@type\":\"PropertyValueSpecification\",\"valueRequired\":true,\"valueName\":\"search_term_string\"}}],\"inLanguage\":\"es-CL\"}]}<\/script>\n<!-- \/ Yoast SEO plugin. -->","yoast_head_json":{"title":"SU-02 MESA DE OPERACIONES | Resistente sin Mando El\u00e9ctrico - Oller","robots":{"index":"index","follow":"follow","max-snippet":"max-snippet:-1","max-image-preview":"max-image-preview:large","max-video-preview":"max-video-preview:-1"},"canonical":"https:\/\/oller.cl\/es\/venta-de\/su-02-mesa-de-operaciones-resistente-sin-mando-electrico-2\/","og_locale":"es_ES","og_type":"article","og_title":"SU-02 MESA DE OPERACIONES | Resistente sin Mando El\u00e9ctrico - Oller","og_description":"Descubre la resistencia y versatilidad en cirug\u00eda con la FAMED SU-02, una mesa de operaciones completamente funcional sin elementos de mando el\u00e9ctrico. Dise\u00f1ada para entornos donde la electricidad no est\u00e1 disponible o para aquellos que buscan una opci\u00f3n sin riesgo de aver\u00eda, esta mesa ofrece simplicidad estructural y facilidad de mantenimiento.  La FAMED SU-02 es una mesa de operaciones resistente que elimina pr\u00e1cticamente el riesgo de aver\u00eda al no contar con elementos de mando el\u00e9ctrico. Ideal para zonas sin corriente el\u00e9ctrica, su estructura simple y mantenimiento sencillo la convierten en una opci\u00f3n pr\u00e1ctica. Fabricada con acero inoxidable de alta calidad AISI 316L y tecnolog\u00eda InteliProtectPlus\u2122, garantiza f\u00e1cil desinfecci\u00f3n y previene la acumulaci\u00f3n de polvo y suciedad.","og_url":"https:\/\/oller.cl\/es\/venta-de\/su-02-mesa-de-operaciones-resistente-sin-mando-electrico-2\/","og_site_name":"Oller","article_modified_time":"2024-02-20T14:46:17+00:00","og_image":[{"width":1000,"height":1000,"url":"https:\/\/oller.cl\/wp-content\/uploads\/2024\/02\/1016-1.webp","type":"image\/webp"}],"twitter_card":"summary_large_image","twitter_misc":{"Est. reading time":"1 minuto"},"schema":{"@context":"https:\/\/schema.org","@graph":[{"@type":"WebPage","@id":"https:\/\/oller.cl\/venta-de\/su-02-mesa-de-operaciones-resistente-sin-mando-electrico-2\/","url":"https:\/\/oller.cl\/venta-de\/su-02-mesa-de-operaciones-resistente-sin-mando-electrico-2\/","name":"SU-02 MESA DE OPERACIONES | Resistente sin Mando El\u00e9ctrico - Oller","isPartOf":{"@id":"https:\/\/oller.cl\/#website"},"primaryImageOfPage":{"@id":"https:\/\/oller.cl\/venta-de\/su-02-mesa-de-operaciones-resistente-sin-mando-electrico-2\/#primaryimage"},"image":{"@id":"https:\/\/oller.cl\/venta-de\/su-02-mesa-de-operaciones-resistente-sin-mando-electrico-2\/#primaryimage"},"thumbnailUrl":"https:\/\/oller.cl\/wp-content\/uploads\/2024\/02\/1016-1.webp","datePublished":"2023-12-27T12:39:58+00:00","dateModified":"2024-02-20T14:46:17+00:00","breadcrumb":{"@id":"https:\/\/oller.cl\/venta-de\/su-02-mesa-de-operaciones-resistente-sin-mando-electrico-2\/#breadcrumb"},"inLanguage":"es-CL","potentialAction":[{"@type":"ReadAction","target":["https:\/\/oller.cl\/venta-de\/su-02-mesa-de-operaciones-resistente-sin-mando-electrico-2\/"]}]},{"@type":"ImageObject","inLanguage":"es-CL","@id":"https:\/\/oller.cl\/venta-de\/su-02-mesa-de-operaciones-resistente-sin-mando-electrico-2\/#primaryimage","url":"https:\/\/oller.cl\/wp-content\/uploads\/2024\/02\/1016-1.webp","contentUrl":"https:\/\/oller.cl\/wp-content\/uploads\/2024\/02\/1016-1.webp","width":1000,"height":1000},{"@type":"BreadcrumbList","@id":"https:\/\/oller.cl\/venta-de\/su-02-mesa-de-operaciones-resistente-sin-mando-electrico-2\/#breadcrumb","itemListElement":[{"@type":"ListItem","position":1,"name":"Portada","item":"https:\/\/oller.cl\/"},{"@type":"ListItem","position":2,"name":"Todos los Productos","item":"https:\/\/oller.cl\/shop\/"},{"@type":"ListItem","position":3,"name":"SU-02 MESA DE OPERACIONES | Resistente sin Mando El\u00e9ctrico"}]},{"@type":"WebSite","@id":"https:\/\/oller.cl\/#website","url":"https:\/\/oller.cl\/","name":"Oller","description":"Equipamiento M\u00e9dico e Instrumental Quir\u00fargico","potentialAction":[{"@type":"SearchAction","target":{"@type":"EntryPoint","urlTemplate":"https:\/\/oller.cl\/?s={search_term_string}"},"query-input":{"@type":"PropertyValueSpecification","valueRequired":true,"valueName":"search_term_string"}}],"inLanguage":"es-CL"}]}},"_links":{"self":[{"href":"https:\/\/oller.cl\/es\/wp-json\/wp\/v2\/product\/7043","targetHints":{"allow":["GET"]}}],"collection":[{"href":"https:\/\/oller.cl\/es\/wp-json\/wp\/v2\/product"}],"about":[{"href":"https:\/\/oller.cl\/es\/wp-json\/wp\/v2\/types\/product"}],"wp:featuredmedia":[{"embeddable":true,"href":"https:\/\/oller.cl\/es\/wp-json\/wp\/v2\/media\/8702"}],"wp:attachment":[{"href":"https:\/\/oller.cl\/es\/wp-json\/wp\/v2\/media?parent=7043"}],"wp:term":[{"taxonomy":"product_cat","embeddable":true,"href":"https:\/\/oller.cl\/es\/wp-json\/wp\/v2\/product_cat?post=7043"},{"taxonomy":"product_tag","embeddable":true,"href":"https:\/\/oller.cl\/es\/wp-json\/wp\/v2\/product_tag?post=7043"}],"curies":[{"name":"wp","href":"https:\/\/api.w.org\/{rel}","templated":true}]}}