{"id":7042,"date":"2023-12-27T12:39:57","date_gmt":"2023-12-27T12:39:57","guid":{"rendered":"https:\/\/oller.cl\/producto\/optima-version-5-9-y-5-12-mesa-de-operaciones-multimodal-2\/"},"modified":"2024-02-20T14:46:17","modified_gmt":"2024-02-20T14:46:17","slug":"optima-version-5-9-y-5-12-mesa-de-operaciones-multimodal-2","status":"publish","type":"product","link":"https:\/\/oller.cl\/es\/venta-de\/optima-version-5-9-y-5-12-mesa-de-operaciones-multimodal-2\/","title":{"rendered":"OPTIMA Versi\u00f3n 5.9 y 5.12: Mesa de Operaciones| Multimodal"},"content":{"rendered":"<p><strong>Vers&aacute;til y Configurable:<\/strong><\/p>\n<p>Base m&oacute;vil con sistema central de bloqueo en forma &#8220;T&#8221; (5.9) o forma &#8220;H&#8221; (5.12). Tablero transparente a los rayos X con refuerzos laterales de fibra de carbono. Colchones antiest&aacute;ticos desmontables y listones laterales con protecciones.<\/p>\n<hr \/>\n<p><strong>C&oacute;modo Ajuste El&eacute;ctrico:<\/strong><\/p>\n<p>Ajuste de altura, inclinaci&oacute;n lateral, Trendelenburg y anti-Trendelenburg mediante propulsiones electrohidr&aacute;ulicas. Desplazamiento longitudinal controlado el&eacute;ctricamente. Reposacabezas y reposapi&eacute;s ajustables manualmente.<\/p>\n<hr \/>\n<p><strong>M&uacute;ltiples Opciones de Mando:<\/strong><\/p>\n<p>Mando al&aacute;mbrico bbSafe&trade; con pantalla de 2,8 pulgadas. Opcionalmente, mando inal&aacute;mbrico rCover&trade;. Sistema de protecci&oacute;n en ambos mandos para evitar cambios accidentales de posici&oacute;n.<\/p>","protected":false},"excerpt":{"rendered":"<p>Descubre la versatilidad y eficiencia en cirug\u00eda con la FAMED OPTIMA 5.9 y 5.12, dos mesas de operaciones dise\u00f1adas para ofrecer un rendimiento excepcional y configuraciones personalizadas. Gracias a un control el\u00e9ctrico sin esfuerzo, materiales de alta calidad y una amplia gama de opciones, estas mesas son ideales para una variedad de procedimientos m\u00e9dicos.<\/p>\n<p>Las mesas de operaciones, FAMED OPTIMA 5.9 y 5.12, fabricadas con acero inoxidable AISI 316L de alta calidad y tecnolog\u00eda InteliProtectPlus\u2122, ofrecen una f\u00e1cil desinfecci\u00f3n y evitan la acumulaci\u00f3n de polvo y suciedad. Adem\u00e1s se adaptan a diferentes intervenciones quir\u00fargicas gracias a su amplia gama de accesorios dedicados.<\/p>","protected":false},"featured_media":8693,"template":"","meta":{"_joinchat":[]},"product_cat":[125,99],"product_tag":[],"class_list":{"0":"post-7042","1":"product","2":"type-product","3":"status-publish","4":"has-post-thumbnail","6":"product_cat-pabellon-quirurgico","7":"product_cat-area-medica","9":"first","10":"instock","11":"shipping-taxable","12":"purchasable","13":"product-type-simple"},"yoast_head":"<!-- This site is optimized with the Yoast SEO plugin v25.2 - https:\/\/yoast.com\/wordpress\/plugins\/seo\/ -->\n<title>OPTIMA Versi\u00f3n 5.9 y 5.12: Mesa de Operaciones| Multimodal - Oller<\/title>\n<meta name=\"robots\" content=\"index, follow, max-snippet:-1, max-image-preview:large, max-video-preview:-1\" \/>\n<link rel=\"canonical\" href=\"https:\/\/oller.cl\/es\/venta-de\/optima-version-5-9-y-5-12-mesa-de-operaciones-multimodal-2\/\" \/>\n<meta property=\"og:locale\" content=\"es_ES\" \/>\n<meta property=\"og:type\" content=\"article\" \/>\n<meta property=\"og:title\" content=\"OPTIMA Versi\u00f3n 5.9 y 5.12: Mesa de Operaciones| Multimodal - Oller\" \/>\n<meta property=\"og:description\" content=\"Descubre la versatilidad y eficiencia en cirug\u00eda con la FAMED OPTIMA 5.9 y 5.12, dos mesas de operaciones dise\u00f1adas para ofrecer un rendimiento excepcional y configuraciones personalizadas. Gracias a un control el\u00e9ctrico sin esfuerzo, materiales de alta calidad y una amplia gama de opciones, estas mesas son ideales para una variedad de procedimientos m\u00e9dicos.  Las mesas de operaciones, FAMED OPTIMA 5.9 y 5.12, fabricadas con acero inoxidable AISI 316L de alta calidad y tecnolog\u00eda InteliProtectPlus\u2122, ofrecen una f\u00e1cil desinfecci\u00f3n y evitan la acumulaci\u00f3n de polvo y suciedad. Adem\u00e1s se adaptan a diferentes intervenciones quir\u00fargicas gracias a su amplia gama de accesorios dedicados.\" \/>\n<meta property=\"og:url\" content=\"https:\/\/oller.cl\/es\/venta-de\/optima-version-5-9-y-5-12-mesa-de-operaciones-multimodal-2\/\" \/>\n<meta property=\"og:site_name\" content=\"Oller\" \/>\n<meta property=\"article:modified_time\" content=\"2024-02-20T14:46:17+00:00\" \/>\n<meta property=\"og:image\" content=\"https:\/\/oller.cl\/wp-content\/uploads\/2024\/02\/1015-1.webp\" \/>\n\t<meta property=\"og:image:width\" content=\"1000\" \/>\n\t<meta property=\"og:image:height\" content=\"1000\" \/>\n\t<meta property=\"og:image:type\" content=\"image\/webp\" \/>\n<meta name=\"twitter:card\" content=\"summary_large_image\" \/>\n<meta name=\"twitter:label1\" content=\"Est. reading time\" \/>\n\t<meta name=\"twitter:data1\" content=\"1 minuto\" \/>\n<script type=\"application\/ld+json\" class=\"yoast-schema-graph\">{\"@context\":\"https:\/\/schema.org\",\"@graph\":[{\"@type\":\"WebPage\",\"@id\":\"https:\/\/oller.cl\/venta-de\/optima-version-5-9-y-5-12-mesa-de-operaciones-multimodal-2\/\",\"url\":\"https:\/\/oller.cl\/venta-de\/optima-version-5-9-y-5-12-mesa-de-operaciones-multimodal-2\/\",\"name\":\"OPTIMA Versi\u00f3n 5.9 y 5.12: Mesa de Operaciones| Multimodal - Oller\",\"isPartOf\":{\"@id\":\"https:\/\/oller.cl\/#website\"},\"primaryImageOfPage\":{\"@id\":\"https:\/\/oller.cl\/venta-de\/optima-version-5-9-y-5-12-mesa-de-operaciones-multimodal-2\/#primaryimage\"},\"image\":{\"@id\":\"https:\/\/oller.cl\/venta-de\/optima-version-5-9-y-5-12-mesa-de-operaciones-multimodal-2\/#primaryimage\"},\"thumbnailUrl\":\"https:\/\/oller.cl\/wp-content\/uploads\/2024\/02\/1015-1.webp\",\"datePublished\":\"2023-12-27T12:39:57+00:00\",\"dateModified\":\"2024-02-20T14:46:17+00:00\",\"breadcrumb\":{\"@id\":\"https:\/\/oller.cl\/venta-de\/optima-version-5-9-y-5-12-mesa-de-operaciones-multimodal-2\/#breadcrumb\"},\"inLanguage\":\"es-CL\",\"potentialAction\":[{\"@type\":\"ReadAction\",\"target\":[\"https:\/\/oller.cl\/venta-de\/optima-version-5-9-y-5-12-mesa-de-operaciones-multimodal-2\/\"]}]},{\"@type\":\"ImageObject\",\"inLanguage\":\"es-CL\",\"@id\":\"https:\/\/oller.cl\/venta-de\/optima-version-5-9-y-5-12-mesa-de-operaciones-multimodal-2\/#primaryimage\",\"url\":\"https:\/\/oller.cl\/wp-content\/uploads\/2024\/02\/1015-1.webp\",\"contentUrl\":\"https:\/\/oller.cl\/wp-content\/uploads\/2024\/02\/1015-1.webp\",\"width\":1000,\"height\":1000},{\"@type\":\"BreadcrumbList\",\"@id\":\"https:\/\/oller.cl\/venta-de\/optima-version-5-9-y-5-12-mesa-de-operaciones-multimodal-2\/#breadcrumb\",\"itemListElement\":[{\"@type\":\"ListItem\",\"position\":1,\"name\":\"Portada\",\"item\":\"https:\/\/oller.cl\/\"},{\"@type\":\"ListItem\",\"position\":2,\"name\":\"Todos los Productos\",\"item\":\"https:\/\/oller.cl\/shop\/\"},{\"@type\":\"ListItem\",\"position\":3,\"name\":\"OPTIMA Versi\u00f3n 5.9 y 5.12: Mesa de Operaciones| Multimodal\"}]},{\"@type\":\"WebSite\",\"@id\":\"https:\/\/oller.cl\/#website\",\"url\":\"https:\/\/oller.cl\/\",\"name\":\"Oller\",\"description\":\"Equipamiento M\u00e9dico e Instrumental Quir\u00fargico\",\"potentialAction\":[{\"@type\":\"SearchAction\",\"target\":{\"@type\":\"EntryPoint\",\"urlTemplate\":\"https:\/\/oller.cl\/?s={search_term_string}\"},\"query-input\":{\"@type\":\"PropertyValueSpecification\",\"valueRequired\":true,\"valueName\":\"search_term_string\"}}],\"inLanguage\":\"es-CL\"}]}<\/script>\n<!-- \/ Yoast SEO plugin. -->","yoast_head_json":{"title":"OPTIMA Versi\u00f3n 5.9 y 5.12: Mesa de Operaciones| Multimodal - Oller","robots":{"index":"index","follow":"follow","max-snippet":"max-snippet:-1","max-image-preview":"max-image-preview:large","max-video-preview":"max-video-preview:-1"},"canonical":"https:\/\/oller.cl\/es\/venta-de\/optima-version-5-9-y-5-12-mesa-de-operaciones-multimodal-2\/","og_locale":"es_ES","og_type":"article","og_title":"OPTIMA Versi\u00f3n 5.9 y 5.12: Mesa de Operaciones| Multimodal - Oller","og_description":"Descubre la versatilidad y eficiencia en cirug\u00eda con la FAMED OPTIMA 5.9 y 5.12, dos mesas de operaciones dise\u00f1adas para ofrecer un rendimiento excepcional y configuraciones personalizadas. Gracias a un control el\u00e9ctrico sin esfuerzo, materiales de alta calidad y una amplia gama de opciones, estas mesas son ideales para una variedad de procedimientos m\u00e9dicos.  Las mesas de operaciones, FAMED OPTIMA 5.9 y 5.12, fabricadas con acero inoxidable AISI 316L de alta calidad y tecnolog\u00eda InteliProtectPlus\u2122, ofrecen una f\u00e1cil desinfecci\u00f3n y evitan la acumulaci\u00f3n de polvo y suciedad. Adem\u00e1s se adaptan a diferentes intervenciones quir\u00fargicas gracias a su amplia gama de accesorios dedicados.","og_url":"https:\/\/oller.cl\/es\/venta-de\/optima-version-5-9-y-5-12-mesa-de-operaciones-multimodal-2\/","og_site_name":"Oller","article_modified_time":"2024-02-20T14:46:17+00:00","og_image":[{"width":1000,"height":1000,"url":"https:\/\/oller.cl\/wp-content\/uploads\/2024\/02\/1015-1.webp","type":"image\/webp"}],"twitter_card":"summary_large_image","twitter_misc":{"Est. reading time":"1 minuto"},"schema":{"@context":"https:\/\/schema.org","@graph":[{"@type":"WebPage","@id":"https:\/\/oller.cl\/venta-de\/optima-version-5-9-y-5-12-mesa-de-operaciones-multimodal-2\/","url":"https:\/\/oller.cl\/venta-de\/optima-version-5-9-y-5-12-mesa-de-operaciones-multimodal-2\/","name":"OPTIMA Versi\u00f3n 5.9 y 5.12: Mesa de Operaciones| Multimodal - Oller","isPartOf":{"@id":"https:\/\/oller.cl\/#website"},"primaryImageOfPage":{"@id":"https:\/\/oller.cl\/venta-de\/optima-version-5-9-y-5-12-mesa-de-operaciones-multimodal-2\/#primaryimage"},"image":{"@id":"https:\/\/oller.cl\/venta-de\/optima-version-5-9-y-5-12-mesa-de-operaciones-multimodal-2\/#primaryimage"},"thumbnailUrl":"https:\/\/oller.cl\/wp-content\/uploads\/2024\/02\/1015-1.webp","datePublished":"2023-12-27T12:39:57+00:00","dateModified":"2024-02-20T14:46:17+00:00","breadcrumb":{"@id":"https:\/\/oller.cl\/venta-de\/optima-version-5-9-y-5-12-mesa-de-operaciones-multimodal-2\/#breadcrumb"},"inLanguage":"es-CL","potentialAction":[{"@type":"ReadAction","target":["https:\/\/oller.cl\/venta-de\/optima-version-5-9-y-5-12-mesa-de-operaciones-multimodal-2\/"]}]},{"@type":"ImageObject","inLanguage":"es-CL","@id":"https:\/\/oller.cl\/venta-de\/optima-version-5-9-y-5-12-mesa-de-operaciones-multimodal-2\/#primaryimage","url":"https:\/\/oller.cl\/wp-content\/uploads\/2024\/02\/1015-1.webp","contentUrl":"https:\/\/oller.cl\/wp-content\/uploads\/2024\/02\/1015-1.webp","width":1000,"height":1000},{"@type":"BreadcrumbList","@id":"https:\/\/oller.cl\/venta-de\/optima-version-5-9-y-5-12-mesa-de-operaciones-multimodal-2\/#breadcrumb","itemListElement":[{"@type":"ListItem","position":1,"name":"Portada","item":"https:\/\/oller.cl\/"},{"@type":"ListItem","position":2,"name":"Todos los Productos","item":"https:\/\/oller.cl\/shop\/"},{"@type":"ListItem","position":3,"name":"OPTIMA Versi\u00f3n 5.9 y 5.12: Mesa de Operaciones| Multimodal"}]},{"@type":"WebSite","@id":"https:\/\/oller.cl\/#website","url":"https:\/\/oller.cl\/","name":"Oller","description":"Equipamiento M\u00e9dico e Instrumental Quir\u00fargico","potentialAction":[{"@type":"SearchAction","target":{"@type":"EntryPoint","urlTemplate":"https:\/\/oller.cl\/?s={search_term_string}"},"query-input":{"@type":"PropertyValueSpecification","valueRequired":true,"valueName":"search_term_string"}}],"inLanguage":"es-CL"}]}},"_links":{"self":[{"href":"https:\/\/oller.cl\/es\/wp-json\/wp\/v2\/product\/7042","targetHints":{"allow":["GET"]}}],"collection":[{"href":"https:\/\/oller.cl\/es\/wp-json\/wp\/v2\/product"}],"about":[{"href":"https:\/\/oller.cl\/es\/wp-json\/wp\/v2\/types\/product"}],"wp:featuredmedia":[{"embeddable":true,"href":"https:\/\/oller.cl\/es\/wp-json\/wp\/v2\/media\/8693"}],"wp:attachment":[{"href":"https:\/\/oller.cl\/es\/wp-json\/wp\/v2\/media?parent=7042"}],"wp:term":[{"taxonomy":"product_cat","embeddable":true,"href":"https:\/\/oller.cl\/es\/wp-json\/wp\/v2\/product_cat?post=7042"},{"taxonomy":"product_tag","embeddable":true,"href":"https:\/\/oller.cl\/es\/wp-json\/wp\/v2\/product_tag?post=7042"}],"curies":[{"name":"wp","href":"https:\/\/api.w.org\/{rel}","templated":true}]}}