{"id":7038,"date":"2023-12-27T12:39:55","date_gmt":"2023-12-27T12:39:55","guid":{"rendered":"https:\/\/oller.cl\/producto\/camilla-de-transporte-cyclone-hidraulica-2\/"},"modified":"2024-02-20T14:46:15","modified_gmt":"2024-02-20T14:46:15","slug":"camilla-de-transporte-cyclone-hidraulica-2","status":"publish","type":"product","link":"https:\/\/oller.cl\/es\/venta-de\/camilla-de-transporte-cyclone-hidraulica-2\/","title":{"rendered":"CAMILLA DE TRANSPORTE CYCLONE | Hidr\u00e1ulica"},"content":{"rendered":"<p><strong>Compatibilidad:<\/strong><\/p>\n<p>Con equipos m&eacute;dicos como arcos en C y dispositivos de rayos X<\/p>\n<hr \/>\n<p><strong>Facilidad de Frenado:<\/strong><\/p>\n<p>Sistema de freno central con activaci&oacute;n desde los cuatro lados de la camilla; de f&aacute;cil acceso desde los extremos laterales, la cabecera y piecera; lo que permite que la camilla sea f&aacute;cil de dirigir y de detener.Pedales de freno de acci&oacute;n hacia abajo para una operaci&oacute;n sin riesgo de lesiones en el personal.<\/p>\n<hr \/>\n<p><strong>Recuperaci&oacute;n y Posici&oacute;n de Silla Card&iacute;aca:<\/strong><\/p>\n<p>Mecanismo hidr&aacute;ulico y de resorte de gas para transiciones suaves de la posici&oacute;n plana a la de silla card&iacute;aca.Ideal para la monitorizaci&oacute;n del paciente y la administraci&oacute;n de medicaci&oacute;n.Mejora la comodidad, la respiraci&oacute;n y la visi&oacute;n del paciente, eliminando transferencias innecesarias.<\/p>\n<hr \/>\n<p><strong>Colch&oacute;n de Alta Densidad:<\/strong><\/p>\n<p>Colch&oacute;n de 10 cm de espesor con espuma de alta densidad y material viscoel&aacute;stico. Dise&ntilde;ado para prevenir &uacute;lceras por presi&oacute;n. Tapiz impermeable y resistente a desinfecci&oacute;n con productos de aseo hospitalario. Sistema de fijaci&oacute;n a la camilla libre de velcros para facilitar el aseo y desinfecci&oacute;n. Funda sin costuras con juntas termoselladas y antideslizante. Soporta una carga permanente de paciente de al menos 180 kg.<\/p>\n<hr \/>\n<p><strong>Barandas Laterales Plegables<\/strong><strong>:<\/strong><\/p>\n<p>Barandas laterales de 35 cm de altura, deslizables y plegables. Eliminan el espacio entre las camillas y las camas durante los traslados de pacientes. M&aacute;xima seguridad y comodidad.<\/p>\n<hr \/>\n<p><strong>Accionamiento sobre Suspensi&oacute;n 5&ordf; Rueda:<\/strong><\/p>\n<p>Quinta rueda retr&aacute;ctil de 200 mm de di&aacute;metro. Conducci&oacute;n suave, mayor seguridad, mejor maniobrabilidad y capacidad de giro. Absorci&oacute;n de impactos para una conducci&oacute;n suave en superficies irregulares.<\/p>\n<hr \/>\n<p><strong>Conduce Seguro con Asas de Conducci&oacute;n\/Empuje Ergon&oacute;micas:<\/strong><\/p>\n<p>Asas de conducci&oacute;n\/empuje abatibles de acero inoxidable, resistentes a bacterias. Dise&ntilde;o ergon&oacute;mico para una conducci&oacute;n c&oacute;moda y segura. F&aacute;cil plegado y posici&oacute;n &oacute;ptima para la conducci&oacute;n.<\/p>","protected":false},"excerpt":{"rendered":"<p>La Camilla de Transporte Cyclone de Schroeder, con su dise\u00f1o articulado en 4 secciones, es la elecci\u00f3n predilecta por su excepcional combinaci\u00f3n de facilidad de uso, versatilidad y confiabilidad. <\/p>\n<p>Equipada con un sistema de direcci\u00f3n de \u00faltima generaci\u00f3n, la Camilla Cyclone se destaca por su capacidad para reducir la tensi\u00f3n f\u00edsica, ofreciendo una experiencia de conducci\u00f3n suave y precisa.<\/p>\n<p>La robusta estructura de acero de gran calibre garantiza una capacidad de carga segura de hasta 350 kg, lo que permite el transporte de pacientes de diferentes tama\u00f1os con total confianza.<\/p>\n<p>Adem\u00e1s, la Camilla Cyclone de Schroeder se integra perfectamente con el equipo de las salas de emergencia, proporcionando una soluci\u00f3n completa y vers\u00e1til.<\/p>","protected":false},"featured_media":8662,"template":"","meta":{"_joinchat":[]},"product_cat":[124,99],"product_tag":[],"class_list":{"0":"post-7038","1":"product","2":"type-product","3":"status-publish","4":"has-post-thumbnail","6":"product_cat-mobiliario-clinico-y-hospitalario-2","7":"product_cat-area-medica","9":"first","10":"instock","11":"shipping-taxable","12":"purchasable","13":"product-type-simple"},"yoast_head":"<!-- This site is optimized with the Yoast SEO plugin v25.2 - https:\/\/yoast.com\/wordpress\/plugins\/seo\/ -->\n<title>CAMILLA DE TRANSPORTE CYCLONE | Hidr\u00e1ulica - Oller<\/title>\n<meta name=\"robots\" content=\"index, follow, max-snippet:-1, max-image-preview:large, max-video-preview:-1\" \/>\n<link rel=\"canonical\" href=\"https:\/\/oller.cl\/es\/venta-de\/camilla-de-transporte-cyclone-hidraulica-2\/\" \/>\n<meta property=\"og:locale\" content=\"es_ES\" \/>\n<meta property=\"og:type\" content=\"article\" \/>\n<meta property=\"og:title\" content=\"CAMILLA DE TRANSPORTE CYCLONE | Hidr\u00e1ulica - Oller\" \/>\n<meta property=\"og:description\" content=\"La Camilla de Transporte Cyclone de Schroeder, con su dise\u00f1o articulado en 4 secciones, es la elecci\u00f3n predilecta por su excepcional combinaci\u00f3n de facilidad de uso, versatilidad y confiabilidad.  Equipada con un sistema de direcci\u00f3n de \u00faltima generaci\u00f3n, la Camilla Cyclone se destaca por su capacidad para reducir la tensi\u00f3n f\u00edsica, ofreciendo una experiencia de conducci\u00f3n suave y precisa.  La robusta estructura de acero de gran calibre garantiza una capacidad de carga segura de hasta 350 kg, lo que permite el transporte de pacientes de diferentes tama\u00f1os con total confianza.  Adem\u00e1s, la Camilla Cyclone de Schroeder se integra perfectamente con el equipo de las salas de emergencia, proporcionando una soluci\u00f3n completa y vers\u00e1til.\" \/>\n<meta property=\"og:url\" content=\"https:\/\/oller.cl\/es\/venta-de\/camilla-de-transporte-cyclone-hidraulica-2\/\" \/>\n<meta property=\"og:site_name\" content=\"Oller\" \/>\n<meta property=\"article:modified_time\" content=\"2024-02-20T14:46:15+00:00\" \/>\n<meta property=\"og:image\" content=\"https:\/\/oller.cl\/wp-content\/uploads\/2024\/02\/1011-1.webp\" \/>\n\t<meta property=\"og:image:width\" content=\"1000\" \/>\n\t<meta property=\"og:image:height\" content=\"1000\" \/>\n\t<meta property=\"og:image:type\" content=\"image\/webp\" \/>\n<meta name=\"twitter:card\" content=\"summary_large_image\" \/>\n<meta name=\"twitter:label1\" content=\"Est. reading time\" \/>\n\t<meta name=\"twitter:data1\" content=\"2 minutos\" \/>\n<script type=\"application\/ld+json\" class=\"yoast-schema-graph\">{\"@context\":\"https:\/\/schema.org\",\"@graph\":[{\"@type\":\"WebPage\",\"@id\":\"https:\/\/oller.cl\/venta-de\/camilla-de-transporte-cyclone-hidraulica-2\/\",\"url\":\"https:\/\/oller.cl\/venta-de\/camilla-de-transporte-cyclone-hidraulica-2\/\",\"name\":\"CAMILLA DE TRANSPORTE CYCLONE | Hidr\u00e1ulica - Oller\",\"isPartOf\":{\"@id\":\"https:\/\/oller.cl\/#website\"},\"primaryImageOfPage\":{\"@id\":\"https:\/\/oller.cl\/venta-de\/camilla-de-transporte-cyclone-hidraulica-2\/#primaryimage\"},\"image\":{\"@id\":\"https:\/\/oller.cl\/venta-de\/camilla-de-transporte-cyclone-hidraulica-2\/#primaryimage\"},\"thumbnailUrl\":\"https:\/\/oller.cl\/wp-content\/uploads\/2024\/02\/1011-1.webp\",\"datePublished\":\"2023-12-27T12:39:55+00:00\",\"dateModified\":\"2024-02-20T14:46:15+00:00\",\"breadcrumb\":{\"@id\":\"https:\/\/oller.cl\/venta-de\/camilla-de-transporte-cyclone-hidraulica-2\/#breadcrumb\"},\"inLanguage\":\"es-CL\",\"potentialAction\":[{\"@type\":\"ReadAction\",\"target\":[\"https:\/\/oller.cl\/venta-de\/camilla-de-transporte-cyclone-hidraulica-2\/\"]}]},{\"@type\":\"ImageObject\",\"inLanguage\":\"es-CL\",\"@id\":\"https:\/\/oller.cl\/venta-de\/camilla-de-transporte-cyclone-hidraulica-2\/#primaryimage\",\"url\":\"https:\/\/oller.cl\/wp-content\/uploads\/2024\/02\/1011-1.webp\",\"contentUrl\":\"https:\/\/oller.cl\/wp-content\/uploads\/2024\/02\/1011-1.webp\",\"width\":1000,\"height\":1000},{\"@type\":\"BreadcrumbList\",\"@id\":\"https:\/\/oller.cl\/venta-de\/camilla-de-transporte-cyclone-hidraulica-2\/#breadcrumb\",\"itemListElement\":[{\"@type\":\"ListItem\",\"position\":1,\"name\":\"Portada\",\"item\":\"https:\/\/oller.cl\/\"},{\"@type\":\"ListItem\",\"position\":2,\"name\":\"Todos los Productos\",\"item\":\"https:\/\/oller.cl\/shop\/\"},{\"@type\":\"ListItem\",\"position\":3,\"name\":\"CAMILLA DE TRANSPORTE CYCLONE | Hidr\u00e1ulica\"}]},{\"@type\":\"WebSite\",\"@id\":\"https:\/\/oller.cl\/#website\",\"url\":\"https:\/\/oller.cl\/\",\"name\":\"Oller\",\"description\":\"Equipamiento M\u00e9dico e Instrumental Quir\u00fargico\",\"potentialAction\":[{\"@type\":\"SearchAction\",\"target\":{\"@type\":\"EntryPoint\",\"urlTemplate\":\"https:\/\/oller.cl\/?s={search_term_string}\"},\"query-input\":{\"@type\":\"PropertyValueSpecification\",\"valueRequired\":true,\"valueName\":\"search_term_string\"}}],\"inLanguage\":\"es-CL\"}]}<\/script>\n<!-- \/ Yoast SEO plugin. -->","yoast_head_json":{"title":"CAMILLA DE TRANSPORTE CYCLONE | Hidr\u00e1ulica - Oller","robots":{"index":"index","follow":"follow","max-snippet":"max-snippet:-1","max-image-preview":"max-image-preview:large","max-video-preview":"max-video-preview:-1"},"canonical":"https:\/\/oller.cl\/es\/venta-de\/camilla-de-transporte-cyclone-hidraulica-2\/","og_locale":"es_ES","og_type":"article","og_title":"CAMILLA DE TRANSPORTE CYCLONE | Hidr\u00e1ulica - Oller","og_description":"La Camilla de Transporte Cyclone de Schroeder, con su dise\u00f1o articulado en 4 secciones, es la elecci\u00f3n predilecta por su excepcional combinaci\u00f3n de facilidad de uso, versatilidad y confiabilidad.  Equipada con un sistema de direcci\u00f3n de \u00faltima generaci\u00f3n, la Camilla Cyclone se destaca por su capacidad para reducir la tensi\u00f3n f\u00edsica, ofreciendo una experiencia de conducci\u00f3n suave y precisa.  La robusta estructura de acero de gran calibre garantiza una capacidad de carga segura de hasta 350 kg, lo que permite el transporte de pacientes de diferentes tama\u00f1os con total confianza.  Adem\u00e1s, la Camilla Cyclone de Schroeder se integra perfectamente con el equipo de las salas de emergencia, proporcionando una soluci\u00f3n completa y vers\u00e1til.","og_url":"https:\/\/oller.cl\/es\/venta-de\/camilla-de-transporte-cyclone-hidraulica-2\/","og_site_name":"Oller","article_modified_time":"2024-02-20T14:46:15+00:00","og_image":[{"width":1000,"height":1000,"url":"https:\/\/oller.cl\/wp-content\/uploads\/2024\/02\/1011-1.webp","type":"image\/webp"}],"twitter_card":"summary_large_image","twitter_misc":{"Est. reading time":"2 minutos"},"schema":{"@context":"https:\/\/schema.org","@graph":[{"@type":"WebPage","@id":"https:\/\/oller.cl\/venta-de\/camilla-de-transporte-cyclone-hidraulica-2\/","url":"https:\/\/oller.cl\/venta-de\/camilla-de-transporte-cyclone-hidraulica-2\/","name":"CAMILLA DE TRANSPORTE CYCLONE | Hidr\u00e1ulica - Oller","isPartOf":{"@id":"https:\/\/oller.cl\/#website"},"primaryImageOfPage":{"@id":"https:\/\/oller.cl\/venta-de\/camilla-de-transporte-cyclone-hidraulica-2\/#primaryimage"},"image":{"@id":"https:\/\/oller.cl\/venta-de\/camilla-de-transporte-cyclone-hidraulica-2\/#primaryimage"},"thumbnailUrl":"https:\/\/oller.cl\/wp-content\/uploads\/2024\/02\/1011-1.webp","datePublished":"2023-12-27T12:39:55+00:00","dateModified":"2024-02-20T14:46:15+00:00","breadcrumb":{"@id":"https:\/\/oller.cl\/venta-de\/camilla-de-transporte-cyclone-hidraulica-2\/#breadcrumb"},"inLanguage":"es-CL","potentialAction":[{"@type":"ReadAction","target":["https:\/\/oller.cl\/venta-de\/camilla-de-transporte-cyclone-hidraulica-2\/"]}]},{"@type":"ImageObject","inLanguage":"es-CL","@id":"https:\/\/oller.cl\/venta-de\/camilla-de-transporte-cyclone-hidraulica-2\/#primaryimage","url":"https:\/\/oller.cl\/wp-content\/uploads\/2024\/02\/1011-1.webp","contentUrl":"https:\/\/oller.cl\/wp-content\/uploads\/2024\/02\/1011-1.webp","width":1000,"height":1000},{"@type":"BreadcrumbList","@id":"https:\/\/oller.cl\/venta-de\/camilla-de-transporte-cyclone-hidraulica-2\/#breadcrumb","itemListElement":[{"@type":"ListItem","position":1,"name":"Portada","item":"https:\/\/oller.cl\/"},{"@type":"ListItem","position":2,"name":"Todos los Productos","item":"https:\/\/oller.cl\/shop\/"},{"@type":"ListItem","position":3,"name":"CAMILLA DE TRANSPORTE CYCLONE | Hidr\u00e1ulica"}]},{"@type":"WebSite","@id":"https:\/\/oller.cl\/#website","url":"https:\/\/oller.cl\/","name":"Oller","description":"Equipamiento M\u00e9dico e Instrumental Quir\u00fargico","potentialAction":[{"@type":"SearchAction","target":{"@type":"EntryPoint","urlTemplate":"https:\/\/oller.cl\/?s={search_term_string}"},"query-input":{"@type":"PropertyValueSpecification","valueRequired":true,"valueName":"search_term_string"}}],"inLanguage":"es-CL"}]}},"_links":{"self":[{"href":"https:\/\/oller.cl\/es\/wp-json\/wp\/v2\/product\/7038","targetHints":{"allow":["GET"]}}],"collection":[{"href":"https:\/\/oller.cl\/es\/wp-json\/wp\/v2\/product"}],"about":[{"href":"https:\/\/oller.cl\/es\/wp-json\/wp\/v2\/types\/product"}],"wp:featuredmedia":[{"embeddable":true,"href":"https:\/\/oller.cl\/es\/wp-json\/wp\/v2\/media\/8662"}],"wp:attachment":[{"href":"https:\/\/oller.cl\/es\/wp-json\/wp\/v2\/media?parent=7038"}],"wp:term":[{"taxonomy":"product_cat","embeddable":true,"href":"https:\/\/oller.cl\/es\/wp-json\/wp\/v2\/product_cat?post=7038"},{"taxonomy":"product_tag","embeddable":true,"href":"https:\/\/oller.cl\/es\/wp-json\/wp\/v2\/product_tag?post=7038"}],"curies":[{"name":"wp","href":"https:\/\/api.w.org\/{rel}","templated":true}]}}