{"id":7036,"date":"2023-12-27T12:39:55","date_gmt":"2023-12-27T12:39:55","guid":{"rendered":"https:\/\/oller.cl\/producto\/silla-ginecologica-fg-07-mando-electrico-2\/"},"modified":"2024-02-20T14:46:14","modified_gmt":"2024-02-20T14:46:14","slug":"silla-ginecologica-fg-07-mando-electrico-2","status":"publish","type":"product","link":"https:\/\/oller.cl\/es\/venta-de\/silla-ginecologica-fg-07-mando-electrico-2\/","title":{"rendered":"SILLA GINECOL\u00d3GICA FG-07 | Mando El\u00e9ctrico"},"content":{"rendered":"<p><strong>Cambio de Posici&oacute;n Suave:<\/strong> Resortes de gas para ajuste fluido. Altura el&eacute;ctricamente ajustable. Inclinaci&oacute;n del respaldo, Trendelenburg y anti-Trendelenburg.<\/p>\n<hr \/>\n<p><strong>Calidad y Estilo:<\/strong> Tapicer&iacute;a sin costuras para f&aacute;cil limpieza. Materiales resistentes a desinfectantes. Amplia gama de colores disponibles.<\/p>\n<hr \/>\n<p><strong>Equipamiento Completo:<\/strong> Bol ginecol&oacute;gico de acero inoxidable. Rodillo de papel sobre soporte bajo el respaldo. Listones para montar equipos adicionales. Opciones adicionales: apoyos de rodillas, apoyabrazos, reposapi&eacute;s y bol urol&oacute;gico.<\/p>","protected":false},"excerpt":{"rendered":"<p>FAMED FG-07 es un sill\u00f3n ginecol\u00f3gico controlado el\u00e9ctricamente, impulsado por actuadores asistidos con muelle de gas con bloqueo. Su equipamiento complementario incluye ajuste el\u00e9ctrico de altura mediante un controlador de pie, ahorrando tiempo y facilitando las tareas del personal m\u00e9dico. <\/p>\n<p>Este sill\u00f3n se destaca por su capacidad de cambio suave de posici\u00f3n gracias a los resortes de gas, que permiten un ajuste fluido y una altura el\u00e9ctricamente ajustable. Adem\u00e1s, ofrece opciones de inclinaci\u00f3n del respaldo, Trendelenburg y anti-Trendelenburg para adaptarse a las necesidades espec\u00edficas de cada paciente.<\/p>","protected":false},"featured_media":8656,"template":"","meta":{"_joinchat":[]},"product_cat":[124,99],"product_tag":[],"class_list":{"0":"post-7036","1":"product","2":"type-product","3":"status-publish","4":"has-post-thumbnail","6":"product_cat-mobiliario-clinico-y-hospitalario-2","7":"product_cat-area-medica","9":"first","10":"instock","11":"shipping-taxable","12":"purchasable","13":"product-type-simple"},"yoast_head":"<!-- This site is optimized with the Yoast SEO plugin v25.2 - https:\/\/yoast.com\/wordpress\/plugins\/seo\/ -->\n<title>SILLA GINECOL\u00d3GICA FG-07 | Mando El\u00e9ctrico - Oller<\/title>\n<meta name=\"robots\" content=\"index, follow, max-snippet:-1, max-image-preview:large, max-video-preview:-1\" \/>\n<link rel=\"canonical\" href=\"https:\/\/oller.cl\/es\/venta-de\/silla-ginecologica-fg-07-mando-electrico-2\/\" \/>\n<meta property=\"og:locale\" content=\"es_ES\" \/>\n<meta property=\"og:type\" content=\"article\" \/>\n<meta property=\"og:title\" content=\"SILLA GINECOL\u00d3GICA FG-07 | Mando El\u00e9ctrico - Oller\" \/>\n<meta property=\"og:description\" content=\"FAMED FG-07 es un sill\u00f3n ginecol\u00f3gico controlado el\u00e9ctricamente, impulsado por actuadores asistidos con muelle de gas con bloqueo. Su equipamiento complementario incluye ajuste el\u00e9ctrico de altura mediante un controlador de pie, ahorrando tiempo y facilitando las tareas del personal m\u00e9dico.  Este sill\u00f3n se destaca por su capacidad de cambio suave de posici\u00f3n gracias a los resortes de gas, que permiten un ajuste fluido y una altura el\u00e9ctricamente ajustable. Adem\u00e1s, ofrece opciones de inclinaci\u00f3n del respaldo, Trendelenburg y anti-Trendelenburg para adaptarse a las necesidades espec\u00edficas de cada paciente.\" \/>\n<meta property=\"og:url\" content=\"https:\/\/oller.cl\/es\/venta-de\/silla-ginecologica-fg-07-mando-electrico-2\/\" \/>\n<meta property=\"og:site_name\" content=\"Oller\" \/>\n<meta property=\"article:modified_time\" content=\"2024-02-20T14:46:14+00:00\" \/>\n<meta property=\"og:image\" content=\"https:\/\/oller.cl\/wp-content\/uploads\/2024\/02\/1009-1.webp\" \/>\n\t<meta property=\"og:image:width\" content=\"1000\" \/>\n\t<meta property=\"og:image:height\" content=\"1000\" \/>\n\t<meta property=\"og:image:type\" content=\"image\/webp\" \/>\n<meta name=\"twitter:card\" content=\"summary_large_image\" \/>\n<meta name=\"twitter:label1\" content=\"Est. reading time\" \/>\n\t<meta name=\"twitter:data1\" content=\"1 minuto\" \/>\n<script type=\"application\/ld+json\" class=\"yoast-schema-graph\">{\"@context\":\"https:\/\/schema.org\",\"@graph\":[{\"@type\":\"WebPage\",\"@id\":\"https:\/\/oller.cl\/venta-de\/silla-ginecologica-fg-07-mando-electrico-2\/\",\"url\":\"https:\/\/oller.cl\/venta-de\/silla-ginecologica-fg-07-mando-electrico-2\/\",\"name\":\"SILLA GINECOL\u00d3GICA FG-07 | Mando El\u00e9ctrico - Oller\",\"isPartOf\":{\"@id\":\"https:\/\/oller.cl\/#website\"},\"primaryImageOfPage\":{\"@id\":\"https:\/\/oller.cl\/venta-de\/silla-ginecologica-fg-07-mando-electrico-2\/#primaryimage\"},\"image\":{\"@id\":\"https:\/\/oller.cl\/venta-de\/silla-ginecologica-fg-07-mando-electrico-2\/#primaryimage\"},\"thumbnailUrl\":\"https:\/\/oller.cl\/wp-content\/uploads\/2024\/02\/1009-1.webp\",\"datePublished\":\"2023-12-27T12:39:55+00:00\",\"dateModified\":\"2024-02-20T14:46:14+00:00\",\"breadcrumb\":{\"@id\":\"https:\/\/oller.cl\/venta-de\/silla-ginecologica-fg-07-mando-electrico-2\/#breadcrumb\"},\"inLanguage\":\"es-CL\",\"potentialAction\":[{\"@type\":\"ReadAction\",\"target\":[\"https:\/\/oller.cl\/venta-de\/silla-ginecologica-fg-07-mando-electrico-2\/\"]}]},{\"@type\":\"ImageObject\",\"inLanguage\":\"es-CL\",\"@id\":\"https:\/\/oller.cl\/venta-de\/silla-ginecologica-fg-07-mando-electrico-2\/#primaryimage\",\"url\":\"https:\/\/oller.cl\/wp-content\/uploads\/2024\/02\/1009-1.webp\",\"contentUrl\":\"https:\/\/oller.cl\/wp-content\/uploads\/2024\/02\/1009-1.webp\",\"width\":1000,\"height\":1000},{\"@type\":\"BreadcrumbList\",\"@id\":\"https:\/\/oller.cl\/venta-de\/silla-ginecologica-fg-07-mando-electrico-2\/#breadcrumb\",\"itemListElement\":[{\"@type\":\"ListItem\",\"position\":1,\"name\":\"Portada\",\"item\":\"https:\/\/oller.cl\/\"},{\"@type\":\"ListItem\",\"position\":2,\"name\":\"Todos los Productos\",\"item\":\"https:\/\/oller.cl\/shop\/\"},{\"@type\":\"ListItem\",\"position\":3,\"name\":\"SILLA GINECOL\u00d3GICA FG-07 | Mando El\u00e9ctrico\"}]},{\"@type\":\"WebSite\",\"@id\":\"https:\/\/oller.cl\/#website\",\"url\":\"https:\/\/oller.cl\/\",\"name\":\"Oller\",\"description\":\"Equipamiento M\u00e9dico e Instrumental Quir\u00fargico\",\"potentialAction\":[{\"@type\":\"SearchAction\",\"target\":{\"@type\":\"EntryPoint\",\"urlTemplate\":\"https:\/\/oller.cl\/?s={search_term_string}\"},\"query-input\":{\"@type\":\"PropertyValueSpecification\",\"valueRequired\":true,\"valueName\":\"search_term_string\"}}],\"inLanguage\":\"es-CL\"}]}<\/script>\n<!-- \/ Yoast SEO plugin. -->","yoast_head_json":{"title":"SILLA GINECOL\u00d3GICA FG-07 | Mando El\u00e9ctrico - Oller","robots":{"index":"index","follow":"follow","max-snippet":"max-snippet:-1","max-image-preview":"max-image-preview:large","max-video-preview":"max-video-preview:-1"},"canonical":"https:\/\/oller.cl\/es\/venta-de\/silla-ginecologica-fg-07-mando-electrico-2\/","og_locale":"es_ES","og_type":"article","og_title":"SILLA GINECOL\u00d3GICA FG-07 | Mando El\u00e9ctrico - Oller","og_description":"FAMED FG-07 es un sill\u00f3n ginecol\u00f3gico controlado el\u00e9ctricamente, impulsado por actuadores asistidos con muelle de gas con bloqueo. Su equipamiento complementario incluye ajuste el\u00e9ctrico de altura mediante un controlador de pie, ahorrando tiempo y facilitando las tareas del personal m\u00e9dico.  Este sill\u00f3n se destaca por su capacidad de cambio suave de posici\u00f3n gracias a los resortes de gas, que permiten un ajuste fluido y una altura el\u00e9ctricamente ajustable. Adem\u00e1s, ofrece opciones de inclinaci\u00f3n del respaldo, Trendelenburg y anti-Trendelenburg para adaptarse a las necesidades espec\u00edficas de cada paciente.","og_url":"https:\/\/oller.cl\/es\/venta-de\/silla-ginecologica-fg-07-mando-electrico-2\/","og_site_name":"Oller","article_modified_time":"2024-02-20T14:46:14+00:00","og_image":[{"width":1000,"height":1000,"url":"https:\/\/oller.cl\/wp-content\/uploads\/2024\/02\/1009-1.webp","type":"image\/webp"}],"twitter_card":"summary_large_image","twitter_misc":{"Est. reading time":"1 minuto"},"schema":{"@context":"https:\/\/schema.org","@graph":[{"@type":"WebPage","@id":"https:\/\/oller.cl\/venta-de\/silla-ginecologica-fg-07-mando-electrico-2\/","url":"https:\/\/oller.cl\/venta-de\/silla-ginecologica-fg-07-mando-electrico-2\/","name":"SILLA GINECOL\u00d3GICA FG-07 | Mando El\u00e9ctrico - Oller","isPartOf":{"@id":"https:\/\/oller.cl\/#website"},"primaryImageOfPage":{"@id":"https:\/\/oller.cl\/venta-de\/silla-ginecologica-fg-07-mando-electrico-2\/#primaryimage"},"image":{"@id":"https:\/\/oller.cl\/venta-de\/silla-ginecologica-fg-07-mando-electrico-2\/#primaryimage"},"thumbnailUrl":"https:\/\/oller.cl\/wp-content\/uploads\/2024\/02\/1009-1.webp","datePublished":"2023-12-27T12:39:55+00:00","dateModified":"2024-02-20T14:46:14+00:00","breadcrumb":{"@id":"https:\/\/oller.cl\/venta-de\/silla-ginecologica-fg-07-mando-electrico-2\/#breadcrumb"},"inLanguage":"es-CL","potentialAction":[{"@type":"ReadAction","target":["https:\/\/oller.cl\/venta-de\/silla-ginecologica-fg-07-mando-electrico-2\/"]}]},{"@type":"ImageObject","inLanguage":"es-CL","@id":"https:\/\/oller.cl\/venta-de\/silla-ginecologica-fg-07-mando-electrico-2\/#primaryimage","url":"https:\/\/oller.cl\/wp-content\/uploads\/2024\/02\/1009-1.webp","contentUrl":"https:\/\/oller.cl\/wp-content\/uploads\/2024\/02\/1009-1.webp","width":1000,"height":1000},{"@type":"BreadcrumbList","@id":"https:\/\/oller.cl\/venta-de\/silla-ginecologica-fg-07-mando-electrico-2\/#breadcrumb","itemListElement":[{"@type":"ListItem","position":1,"name":"Portada","item":"https:\/\/oller.cl\/"},{"@type":"ListItem","position":2,"name":"Todos los Productos","item":"https:\/\/oller.cl\/shop\/"},{"@type":"ListItem","position":3,"name":"SILLA GINECOL\u00d3GICA FG-07 | Mando El\u00e9ctrico"}]},{"@type":"WebSite","@id":"https:\/\/oller.cl\/#website","url":"https:\/\/oller.cl\/","name":"Oller","description":"Equipamiento M\u00e9dico e Instrumental Quir\u00fargico","potentialAction":[{"@type":"SearchAction","target":{"@type":"EntryPoint","urlTemplate":"https:\/\/oller.cl\/?s={search_term_string}"},"query-input":{"@type":"PropertyValueSpecification","valueRequired":true,"valueName":"search_term_string"}}],"inLanguage":"es-CL"}]}},"_links":{"self":[{"href":"https:\/\/oller.cl\/es\/wp-json\/wp\/v2\/product\/7036","targetHints":{"allow":["GET"]}}],"collection":[{"href":"https:\/\/oller.cl\/es\/wp-json\/wp\/v2\/product"}],"about":[{"href":"https:\/\/oller.cl\/es\/wp-json\/wp\/v2\/types\/product"}],"wp:featuredmedia":[{"embeddable":true,"href":"https:\/\/oller.cl\/es\/wp-json\/wp\/v2\/media\/8656"}],"wp:attachment":[{"href":"https:\/\/oller.cl\/es\/wp-json\/wp\/v2\/media?parent=7036"}],"wp:term":[{"taxonomy":"product_cat","embeddable":true,"href":"https:\/\/oller.cl\/es\/wp-json\/wp\/v2\/product_cat?post=7036"},{"taxonomy":"product_tag","embeddable":true,"href":"https:\/\/oller.cl\/es\/wp-json\/wp\/v2\/product_tag?post=7036"}],"curies":[{"name":"wp","href":"https:\/\/api.w.org\/{rel}","templated":true}]}}