{"id":6884,"date":"2023-12-22T17:13:53","date_gmt":"2023-12-22T17:13:53","guid":{"rendered":"https:\/\/oller.cl\/?post_type=product&#038;p=6884"},"modified":"2024-02-20T14:46:14","modified_gmt":"2024-02-20T14:46:14","slug":"cama-de-parto-lm-01-5-mando-electrico","status":"publish","type":"product","link":"https:\/\/oller.cl\/es\/venta-de\/cama-de-parto-lm-01-5-mando-electrico\/","title":{"rendered":"CAMA DE PARTO LM-01.5  | Mando El\u00e9ctrico"},"content":{"rendered":"<p><strong>Opciones de Mando y Control:<\/strong><\/p>\n<p>Ajuste de altura mediante bomba hidr&aacute;ulica con palanca de pie. Ajuste de inclinaci&oacute;n Trendelenburg y anti-Trendelenburg, as&iacute; como la inclinaci&oacute;n del respaldo gracias a muelles de gas con bloqueo.<\/p>\n<hr \/>\n<p><strong>Equipamiento Completo:<\/strong>&nbsp;<\/p>\n<p>Incluye dos colchones, colchoneta para neonato, agarre de manos, estribos, soportes de piernas y bol de acero inoxidable. Riel especial para montaje y desmontaje de accesorios. Estructura estable y resistente con materiales protectores de alta calidad y tecnolog&iacute;a pSilver&trade;.<\/p>\n<hr \/>\n<p><strong>Cambio R&aacute;pido de Posici&oacute;n:<\/strong>&nbsp;La versatilidad de FAMED LM-01.5 permite adaptarse f&aacute;cilmente a diferentes etapas del parto. El desmontaje del colch&oacute;n de la secci&oacute;n de piernas y la f&aacute;cil retirada del tope de la cama posibilitan un cambio r&aacute;pido a una c&oacute;moda posici&oacute;n de parto.<\/p>","protected":false},"excerpt":{"rendered":"<p>Experimenta la eficiencia y comodidad en el proceso de parto con FAMED LM-01.5, una cama dise\u00f1ada para ofrecer una excelente relaci\u00f3n calidad-precio. Con una estructura s\u00f3lida y estable, esta cama econ\u00f3mica proporciona un soporte confiable sin la necesidad de conexi\u00f3n el\u00e9ctrica. Su dise\u00f1o simple y funcional se adapta a todas las condiciones, ofreciendo opciones manuales y equipamiento completo.<\/p>\n<p>FAMED LM-01.5 es una cama de parto que combina econom\u00eda y confort. Su estructura s\u00f3lida y f\u00e1cil limpieza, junto con la ausencia de control el\u00e9ctrico, aseguran un rendimiento fiable. Transformable en silla de parto, esta cama ofrece un apoyo eficiente tanto para la paciente como para el personal m\u00e9dico en cada etapa del trabajo de parto. Su control manual, ruedas grandes y tecnolog\u00eda bacteriost\u00e1tica pSilver\u2122 la hacen adecuada para diversas condiciones.<\/p>","protected":false},"featured_media":8652,"template":"","meta":{"_joinchat":[]},"product_cat":[99,124],"product_tag":[],"class_list":{"0":"post-6884","1":"product","2":"type-product","3":"status-publish","4":"has-post-thumbnail","6":"product_cat-area-medica","7":"product_cat-mobiliario-clinico-y-hospitalario-2","9":"first","10":"instock","11":"shipping-taxable","12":"purchasable","13":"product-type-simple"},"yoast_head":"<!-- This site is optimized with the Yoast SEO plugin v25.2 - https:\/\/yoast.com\/wordpress\/plugins\/seo\/ -->\n<title>CAMA DE PARTO LM-01.5 | Mando El\u00e9ctrico - Oller<\/title>\n<meta name=\"robots\" content=\"index, follow, max-snippet:-1, max-image-preview:large, max-video-preview:-1\" \/>\n<link rel=\"canonical\" href=\"https:\/\/oller.cl\/es\/venta-de\/cama-de-parto-lm-01-5-mando-electrico\/\" \/>\n<meta property=\"og:locale\" content=\"es_ES\" \/>\n<meta property=\"og:type\" content=\"article\" \/>\n<meta property=\"og:title\" content=\"CAMA DE PARTO LM-01.5 | Mando El\u00e9ctrico - Oller\" \/>\n<meta property=\"og:description\" content=\"Experimenta la eficiencia y comodidad en el proceso de parto con FAMED LM-01.5, una cama dise\u00f1ada para ofrecer una excelente relaci\u00f3n calidad-precio. Con una estructura s\u00f3lida y estable, esta cama econ\u00f3mica proporciona un soporte confiable sin la necesidad de conexi\u00f3n el\u00e9ctrica. Su dise\u00f1o simple y funcional se adapta a todas las condiciones, ofreciendo opciones manuales y equipamiento completo.  FAMED LM-01.5 es una cama de parto que combina econom\u00eda y confort. Su estructura s\u00f3lida y f\u00e1cil limpieza, junto con la ausencia de control el\u00e9ctrico, aseguran un rendimiento fiable. Transformable en silla de parto, esta cama ofrece un apoyo eficiente tanto para la paciente como para el personal m\u00e9dico en cada etapa del trabajo de parto. Su control manual, ruedas grandes y tecnolog\u00eda bacteriost\u00e1tica pSilver\u2122 la hacen adecuada para diversas condiciones.\" \/>\n<meta property=\"og:url\" content=\"https:\/\/oller.cl\/es\/venta-de\/cama-de-parto-lm-01-5-mando-electrico\/\" \/>\n<meta property=\"og:site_name\" content=\"Oller\" \/>\n<meta property=\"article:modified_time\" content=\"2024-02-20T14:46:14+00:00\" \/>\n<meta property=\"og:image\" content=\"https:\/\/oller.cl\/wp-content\/uploads\/2024\/02\/1008-1.webp\" \/>\n\t<meta property=\"og:image:width\" content=\"1000\" \/>\n\t<meta property=\"og:image:height\" content=\"1000\" \/>\n\t<meta property=\"og:image:type\" content=\"image\/webp\" \/>\n<meta name=\"twitter:card\" content=\"summary_large_image\" \/>\n<meta name=\"twitter:label1\" content=\"Est. reading time\" \/>\n\t<meta name=\"twitter:data1\" content=\"1 minuto\" \/>\n<script type=\"application\/ld+json\" class=\"yoast-schema-graph\">{\"@context\":\"https:\/\/schema.org\",\"@graph\":[{\"@type\":\"WebPage\",\"@id\":\"https:\/\/oller.cl\/venta-de\/cama-de-parto-lm-01-5-mando-electrico\/\",\"url\":\"https:\/\/oller.cl\/venta-de\/cama-de-parto-lm-01-5-mando-electrico\/\",\"name\":\"CAMA DE PARTO LM-01.5 | Mando El\u00e9ctrico - Oller\",\"isPartOf\":{\"@id\":\"https:\/\/oller.cl\/#website\"},\"primaryImageOfPage\":{\"@id\":\"https:\/\/oller.cl\/venta-de\/cama-de-parto-lm-01-5-mando-electrico\/#primaryimage\"},\"image\":{\"@id\":\"https:\/\/oller.cl\/venta-de\/cama-de-parto-lm-01-5-mando-electrico\/#primaryimage\"},\"thumbnailUrl\":\"https:\/\/oller.cl\/wp-content\/uploads\/2024\/02\/1008-1.webp\",\"datePublished\":\"2023-12-22T17:13:53+00:00\",\"dateModified\":\"2024-02-20T14:46:14+00:00\",\"breadcrumb\":{\"@id\":\"https:\/\/oller.cl\/venta-de\/cama-de-parto-lm-01-5-mando-electrico\/#breadcrumb\"},\"inLanguage\":\"es-CL\",\"potentialAction\":[{\"@type\":\"ReadAction\",\"target\":[\"https:\/\/oller.cl\/venta-de\/cama-de-parto-lm-01-5-mando-electrico\/\"]}]},{\"@type\":\"ImageObject\",\"inLanguage\":\"es-CL\",\"@id\":\"https:\/\/oller.cl\/venta-de\/cama-de-parto-lm-01-5-mando-electrico\/#primaryimage\",\"url\":\"https:\/\/oller.cl\/wp-content\/uploads\/2024\/02\/1008-1.webp\",\"contentUrl\":\"https:\/\/oller.cl\/wp-content\/uploads\/2024\/02\/1008-1.webp\",\"width\":1000,\"height\":1000},{\"@type\":\"BreadcrumbList\",\"@id\":\"https:\/\/oller.cl\/venta-de\/cama-de-parto-lm-01-5-mando-electrico\/#breadcrumb\",\"itemListElement\":[{\"@type\":\"ListItem\",\"position\":1,\"name\":\"Portada\",\"item\":\"https:\/\/oller.cl\/\"},{\"@type\":\"ListItem\",\"position\":2,\"name\":\"Todos los Productos\",\"item\":\"https:\/\/oller.cl\/shop\/\"},{\"@type\":\"ListItem\",\"position\":3,\"name\":\"CAMA DE PARTO LM-01.5 | Mando El\u00e9ctrico\"}]},{\"@type\":\"WebSite\",\"@id\":\"https:\/\/oller.cl\/#website\",\"url\":\"https:\/\/oller.cl\/\",\"name\":\"Oller\",\"description\":\"Equipamiento M\u00e9dico e Instrumental Quir\u00fargico\",\"potentialAction\":[{\"@type\":\"SearchAction\",\"target\":{\"@type\":\"EntryPoint\",\"urlTemplate\":\"https:\/\/oller.cl\/?s={search_term_string}\"},\"query-input\":{\"@type\":\"PropertyValueSpecification\",\"valueRequired\":true,\"valueName\":\"search_term_string\"}}],\"inLanguage\":\"es-CL\"}]}<\/script>\n<!-- \/ Yoast SEO plugin. -->","yoast_head_json":{"title":"CAMA DE PARTO LM-01.5 | Mando El\u00e9ctrico - Oller","robots":{"index":"index","follow":"follow","max-snippet":"max-snippet:-1","max-image-preview":"max-image-preview:large","max-video-preview":"max-video-preview:-1"},"canonical":"https:\/\/oller.cl\/es\/venta-de\/cama-de-parto-lm-01-5-mando-electrico\/","og_locale":"es_ES","og_type":"article","og_title":"CAMA DE PARTO LM-01.5 | Mando El\u00e9ctrico - Oller","og_description":"Experimenta la eficiencia y comodidad en el proceso de parto con FAMED LM-01.5, una cama dise\u00f1ada para ofrecer una excelente relaci\u00f3n calidad-precio. Con una estructura s\u00f3lida y estable, esta cama econ\u00f3mica proporciona un soporte confiable sin la necesidad de conexi\u00f3n el\u00e9ctrica. Su dise\u00f1o simple y funcional se adapta a todas las condiciones, ofreciendo opciones manuales y equipamiento completo.  FAMED LM-01.5 es una cama de parto que combina econom\u00eda y confort. Su estructura s\u00f3lida y f\u00e1cil limpieza, junto con la ausencia de control el\u00e9ctrico, aseguran un rendimiento fiable. Transformable en silla de parto, esta cama ofrece un apoyo eficiente tanto para la paciente como para el personal m\u00e9dico en cada etapa del trabajo de parto. Su control manual, ruedas grandes y tecnolog\u00eda bacteriost\u00e1tica pSilver\u2122 la hacen adecuada para diversas condiciones.","og_url":"https:\/\/oller.cl\/es\/venta-de\/cama-de-parto-lm-01-5-mando-electrico\/","og_site_name":"Oller","article_modified_time":"2024-02-20T14:46:14+00:00","og_image":[{"width":1000,"height":1000,"url":"https:\/\/oller.cl\/wp-content\/uploads\/2024\/02\/1008-1.webp","type":"image\/webp"}],"twitter_card":"summary_large_image","twitter_misc":{"Est. reading time":"1 minuto"},"schema":{"@context":"https:\/\/schema.org","@graph":[{"@type":"WebPage","@id":"https:\/\/oller.cl\/venta-de\/cama-de-parto-lm-01-5-mando-electrico\/","url":"https:\/\/oller.cl\/venta-de\/cama-de-parto-lm-01-5-mando-electrico\/","name":"CAMA DE PARTO LM-01.5 | Mando El\u00e9ctrico - Oller","isPartOf":{"@id":"https:\/\/oller.cl\/#website"},"primaryImageOfPage":{"@id":"https:\/\/oller.cl\/venta-de\/cama-de-parto-lm-01-5-mando-electrico\/#primaryimage"},"image":{"@id":"https:\/\/oller.cl\/venta-de\/cama-de-parto-lm-01-5-mando-electrico\/#primaryimage"},"thumbnailUrl":"https:\/\/oller.cl\/wp-content\/uploads\/2024\/02\/1008-1.webp","datePublished":"2023-12-22T17:13:53+00:00","dateModified":"2024-02-20T14:46:14+00:00","breadcrumb":{"@id":"https:\/\/oller.cl\/venta-de\/cama-de-parto-lm-01-5-mando-electrico\/#breadcrumb"},"inLanguage":"es-CL","potentialAction":[{"@type":"ReadAction","target":["https:\/\/oller.cl\/venta-de\/cama-de-parto-lm-01-5-mando-electrico\/"]}]},{"@type":"ImageObject","inLanguage":"es-CL","@id":"https:\/\/oller.cl\/venta-de\/cama-de-parto-lm-01-5-mando-electrico\/#primaryimage","url":"https:\/\/oller.cl\/wp-content\/uploads\/2024\/02\/1008-1.webp","contentUrl":"https:\/\/oller.cl\/wp-content\/uploads\/2024\/02\/1008-1.webp","width":1000,"height":1000},{"@type":"BreadcrumbList","@id":"https:\/\/oller.cl\/venta-de\/cama-de-parto-lm-01-5-mando-electrico\/#breadcrumb","itemListElement":[{"@type":"ListItem","position":1,"name":"Portada","item":"https:\/\/oller.cl\/"},{"@type":"ListItem","position":2,"name":"Todos los Productos","item":"https:\/\/oller.cl\/shop\/"},{"@type":"ListItem","position":3,"name":"CAMA DE PARTO LM-01.5 | Mando El\u00e9ctrico"}]},{"@type":"WebSite","@id":"https:\/\/oller.cl\/#website","url":"https:\/\/oller.cl\/","name":"Oller","description":"Equipamiento M\u00e9dico e Instrumental Quir\u00fargico","potentialAction":[{"@type":"SearchAction","target":{"@type":"EntryPoint","urlTemplate":"https:\/\/oller.cl\/?s={search_term_string}"},"query-input":{"@type":"PropertyValueSpecification","valueRequired":true,"valueName":"search_term_string"}}],"inLanguage":"es-CL"}]}},"_links":{"self":[{"href":"https:\/\/oller.cl\/es\/wp-json\/wp\/v2\/product\/6884","targetHints":{"allow":["GET"]}}],"collection":[{"href":"https:\/\/oller.cl\/es\/wp-json\/wp\/v2\/product"}],"about":[{"href":"https:\/\/oller.cl\/es\/wp-json\/wp\/v2\/types\/product"}],"wp:featuredmedia":[{"embeddable":true,"href":"https:\/\/oller.cl\/es\/wp-json\/wp\/v2\/media\/8652"}],"wp:attachment":[{"href":"https:\/\/oller.cl\/es\/wp-json\/wp\/v2\/media?parent=6884"}],"wp:term":[{"taxonomy":"product_cat","embeddable":true,"href":"https:\/\/oller.cl\/es\/wp-json\/wp\/v2\/product_cat?post=6884"},{"taxonomy":"product_tag","embeddable":true,"href":"https:\/\/oller.cl\/es\/wp-json\/wp\/v2\/product_tag?post=6884"}],"curies":[{"name":"wp","href":"https:\/\/api.w.org\/{rel}","templated":true}]}}