{"id":5553,"date":"2023-10-16T15:08:46","date_gmt":"2023-10-16T15:08:46","guid":{"rendered":"https:\/\/oller.cl\/?page_id=5553"},"modified":"2023-10-16T15:08:48","modified_gmt":"2023-10-16T15:08:48","slug":"formulario-de-servicio-al-cliente","status":"publish","type":"page","link":"https:\/\/oller.cl\/es\/formulario-de-servicio-al-cliente\/","title":{"rendered":"Formulario de Servicio al Cliente"},"content":{"rendered":"<div class=\"wpcf7 no-js\" id=\"wpcf7-f5552-o1\" lang=\"es-ES\" dir=\"ltr\" data-wpcf7-id=\"5552\">\n<div class=\"screen-reader-response\"><p role=\"status\" aria-live=\"polite\" aria-atomic=\"true\"><\/p> <ul><\/ul><\/div>\n<form action=\"\/es\/wp-json\/wp\/v2\/pages\/5553#wpcf7-f5552-o1\" method=\"post\" class=\"wpcf7-form init\" aria-label=\"Formulario de contacto\" enctype=\"multipart\/form-data\" novalidate=\"novalidate\" data-status=\"init\" data-trp-original-action=\"\/es\/wp-json\/wp\/v2\/pages\/5553#wpcf7-f5552-o1\">\n<div style=\"display: none;\">\n<input type=\"hidden\" name=\"_wpcf7\" value=\"5552\" \/>\n<input type=\"hidden\" name=\"_wpcf7_version\" value=\"6.0.6\" \/>\n<input type=\"hidden\" name=\"_wpcf7_locale\" value=\"es_ES\" \/>\n<input type=\"hidden\" name=\"_wpcf7_unit_tag\" value=\"wpcf7-f5552-o1\" \/>\n<input type=\"hidden\" name=\"_wpcf7_container_post\" value=\"0\" \/>\n<input type=\"hidden\" name=\"_wpcf7_posted_data_hash\" value=\"\" \/>\n<input type=\"hidden\" name=\"_wpcf7cf_hidden_group_fields\" value=\"[]\" \/>\n<input type=\"hidden\" name=\"_wpcf7cf_hidden_groups\" value=\"[]\" \/>\n<input type=\"hidden\" name=\"_wpcf7cf_visible_groups\" value=\"[]\" \/>\n<input type=\"hidden\" name=\"_wpcf7cf_repeaters\" value=\"[]\" \/>\n<input type=\"hidden\" name=\"_wpcf7cf_steps\" value=\"{}\" \/>\n<input type=\"hidden\" name=\"_wpcf7cf_options\" value=\"{&quot;form_id&quot;:5552,&quot;conditions&quot;:[{&quot;then_field&quot;:&quot;Particular&quot;,&quot;and_rules&quot;:[{&quot;if_field&quot;:&quot;Eresunaparticularinstitucin&quot;,&quot;operator&quot;:&quot;equals&quot;,&quot;if_value&quot;:&quot;Instituci\\u00f3n&quot;}]}],&quot;settings&quot;:{&quot;animation&quot;:&quot;yes&quot;,&quot;animation_intime&quot;:200,&quot;animation_outtime&quot;:200,&quot;conditions_ui&quot;:&quot;normal&quot;,&quot;notice_dismissed&quot;:false}}\" \/>\n<input type=\"hidden\" name=\"_wpcf7_recaptcha_response\" value=\"\" \/>\n<\/div>\n<p><label> Eres un\/a particular \/ instituci\u00f3n:<br \/>\n<span class=\"wpcf7-form-control-wrap\" data-name=\"Eresunaparticularinstitucin\"><select class=\"wpcf7-form-control wpcf7-select\" aria-invalid=\"false\" name=\"Eresunaparticularinstitucin\"><option value=\"Particular\">Particular<\/option><option value=\"Instituci\u00f3n\">Instituci\u00f3n<\/option><\/select><\/span><\/label>\n<\/p>\n<div data-id=\"Particular\" data-orig_data_id=\"Particular\"  data-class=\"wpcf7cf_group\">\n\t<p><label> Nombre de la Instituci\u00f3n:<br \/>\n<span class=\"wpcf7-form-control-wrap\" data-name=\"institucion\"><input size=\"40\" maxlength=\"400\" class=\"wpcf7-form-control wpcf7-text wpcf7-validates-as-required\" autocomplete=\"institucion\" aria-required=\"true\" aria-invalid=\"false\" value=\"\" type=\"text\" name=\"institucion\" \/><\/span> <\/label>\n\t<\/p>\n<\/div>\n<p><label> Nombre:<br \/>\n<span class=\"wpcf7-form-control-wrap\" data-name=\"your-name\"><input size=\"40\" maxlength=\"400\" class=\"wpcf7-form-control wpcf7-text wpcf7-validates-as-required\" autocomplete=\"name\" aria-required=\"true\" aria-invalid=\"false\" value=\"\" type=\"text\" name=\"your-name\" \/><\/span> <\/label>\n<\/p>\n<p><label> Apellido:<br \/>\n<span class=\"wpcf7-form-control-wrap\" data-name=\"your-apellido\"><input size=\"40\" maxlength=\"400\" class=\"wpcf7-form-control wpcf7-text wpcf7-validates-as-required\" autocomplete=\"apellido\" aria-required=\"true\" aria-invalid=\"false\" value=\"\" type=\"text\" name=\"your-apellido\" \/><\/span> <\/label>\n<\/p>\n<p><label> Correo Electr\u00f3nico:<br \/>\n<span class=\"wpcf7-form-control-wrap\" data-name=\"your-email\"><input size=\"40\" maxlength=\"400\" class=\"wpcf7-form-control wpcf7-email wpcf7-validates-as-required wpcf7-text wpcf7-validates-as-email\" autocomplete=\"email\" aria-required=\"true\" aria-invalid=\"false\" value=\"\" type=\"email\" name=\"your-email\" \/><\/span> <\/label>\n<\/p>\n<p><label> Tel\u00e9fono:<br \/>\n<span class=\"wpcf7-form-control-wrap\" data-name=\"your-phone\"><input size=\"40\" maxlength=\"400\" class=\"wpcf7-form-control wpcf7-text wpcf7-validates-as-required\" autocomplete=\"phone\" aria-required=\"true\" aria-invalid=\"false\" value=\"\" type=\"text\" name=\"your-phone\" \/><\/span> <\/label>\n<\/p>\n<div>\n\t<p>Regi\u00f3n: <span class=\"wpcf7-form-control-wrap\" data-name=\"region\"><select class=\"wpcf7-form-control wpcf7-select wpcf7-validates-as-required\" aria-required=\"true\" aria-invalid=\"false\" name=\"region\"><option value=\"\">&#8212;Por favor, elige una opci\u00f3n&#8212;<\/option><option value=\"Arica y Parinacota\">Arica y Parinacota<\/option><option value=\"Tarapac\u00e1\">Tarapac\u00e1<\/option><option value=\"Antofagasta\">Antofagasta<\/option><option value=\"Atacama\">Atacama<\/option><option value=\"Coquimbo\">Coquimbo<\/option><option value=\"Valpara\u00edso\">Valpara\u00edso<\/option><option value=\"Libertador B. O&#039;Higgins\">Libertador B. O&#039;Higgins<\/option><option value=\"Maule\">Maule<\/option><option value=\"B\u00edob\u00edo\">B\u00edob\u00edo<\/option><option value=\"\u00d1uble\">\u00d1uble<\/option><option value=\"La Araucan\u00eda\">La Araucan\u00eda<\/option><option value=\"Los R\u00edos\">Los R\u00edos<\/option><option value=\"Los Lagos\">Los Lagos<\/option><option value=\"Ais\u00e9n del Gral. C. Ib\u00e1\u00f1ez del Campo\">Ais\u00e9n del Gral. C. Ib\u00e1\u00f1ez del Campo<\/option><option value=\"Magallanes y de La Ant\u00e1rtica Chilena\">Magallanes y de La Ant\u00e1rtica Chilena<\/option><option value=\"Regi\u00f3n metropolitana\">Regi\u00f3n metropolitana<\/option><\/select><\/span>\n\t<\/p>\n<\/div>\n<p><label> Comuna:<br \/>\n<span class=\"wpcf7-form-control-wrap\" data-name=\"your-comuna\"><input size=\"40\" maxlength=\"400\" class=\"wpcf7-form-control wpcf7-text wpcf7-validates-as-required\" aria-required=\"true\" aria-invalid=\"false\" value=\"\" type=\"text\" name=\"your-comuna\" \/><\/span> <\/label>\n<\/p>\n<p><label> Tipo de Consulta:<br \/>\n<span class=\"wpcf7-form-control-wrap\" data-name=\"Tipo\"><select class=\"wpcf7-form-control wpcf7-select wpcf7-validates-as-required\" aria-required=\"true\" aria-invalid=\"false\" name=\"Tipo\"><option value=\"Productos\">Productos<\/option><option value=\"Facturaci\u00f3n\">Facturaci\u00f3n<\/option><option value=\"Repuestos\">Repuestos<\/option><option value=\"Estado de despacho\">Estado de despacho<\/option><option value=\"Cotizaci\u00f3n\">Cotizaci\u00f3n<\/option><option value=\"Otro\">Otro<\/option><\/select><\/span><\/label>\n<\/p>\n<p><label> Descripci\u00f3n de la Consulta:<br \/>\n<span class=\"wpcf7-form-control-wrap\" data-name=\"your-descripcion\"><textarea cols=\"40\" rows=\"10\" maxlength=\"2000\" class=\"wpcf7-form-control wpcf7-textarea\" aria-invalid=\"false\" name=\"your-descripcion\"><\/textarea><\/span> <\/label>\n<\/p>\n<p><label> Adjuntar Fotos o Documentos (opcional)<br \/>\n<span class=\"wpcf7-form-control-wrap\" data-name=\"Adjuntarfotosodocumentos\"><input size=\"40\" class=\"wpcf7-form-control wpcf7-file\" accept=\".jpg,.jpeg,.png,.gif,.doc,.docx,.pdf\" aria-invalid=\"false\" type=\"file\" name=\"Adjuntarfotosodocumentos\" \/><\/span><\/label>\n<\/p>\n<span class=\"wpcf7-form-control-wrap recaptcha\" data-name=\"recaptcha\"><span data-sitekey=\"6Lectu4dAAAAAMsVfBofQf4omxMKn7xAOhMiWsx8\" class=\"wpcf7-form-control wpcf7-recaptcha g-recaptcha\"><\/span>\r\n<noscript>\r\n\t<div class=\"grecaptcha-noscript\">\r\n\t\t<iframe loading=\"lazy\" src=\"https:\/\/www.google.com\/recaptcha\/api\/fallback?k=6Lectu4dAAAAAMsVfBofQf4omxMKn7xAOhMiWsx8\" frameborder=\"0\" scrolling=\"no\" width=\"310\" height=\"430\">\r\n\t\t<\/iframe>\r\n\t\t<textarea name=\"g-recaptcha-response\" rows=\"3\" cols=\"40\" placeholder=\"Aqu\u00ed la respuesta de reCAPTCHA\">\r\n\t\t<\/textarea>\r\n\t<\/div>\r\n<\/noscript>\r\n<\/span>\n<p><input class=\"wpcf7-form-control wpcf7-submit has-spinner\" type=\"submit\" value=\"Enviar Solicitud\" \/>\n<\/p><div class=\"wpcf7-response-output\" aria-hidden=\"true\"><\/div>\n<input type=\"hidden\" name=\"trp-form-language\" value=\"es\"\/><\/form>\n<\/div>","protected":false},"excerpt":{"rendered":"","protected":false},"author":1,"featured_media":0,"parent":0,"menu_order":0,"comment_status":"closed","ping_status":"closed","template":"","meta":{"_joinchat":[],"footnotes":""},"class_list":["post-5553","page","type-page","status-publish","hentry"],"yoast_head":"<!-- This site is optimized with the Yoast SEO plugin v25.2 - https:\/\/yoast.com\/wordpress\/plugins\/seo\/ -->\n<title>Formulario de Servicio al Cliente - Oller<\/title>\n<meta name=\"robots\" content=\"index, follow, max-snippet:-1, max-image-preview:large, max-video-preview:-1\" \/>\n<link rel=\"canonical\" href=\"https:\/\/oller.cl\/es\/formulario-de-servicio-al-cliente\/\" \/>\n<meta property=\"og:locale\" content=\"es_ES\" \/>\n<meta property=\"og:type\" content=\"article\" \/>\n<meta property=\"og:title\" content=\"Formulario de Servicio al Cliente - Oller\" \/>\n<meta property=\"og:url\" content=\"https:\/\/oller.cl\/es\/formulario-de-servicio-al-cliente\/\" \/>\n<meta property=\"og:site_name\" content=\"Oller\" \/>\n<meta property=\"article:modified_time\" content=\"2023-10-16T15:08:48+00:00\" \/>\n<meta name=\"twitter:card\" content=\"summary_large_image\" \/>\n<script type=\"application\/ld+json\" class=\"yoast-schema-graph\">{\"@context\":\"https:\/\/schema.org\",\"@graph\":[{\"@type\":\"WebPage\",\"@id\":\"https:\/\/oller.cl\/formulario-de-servicio-al-cliente\/\",\"url\":\"https:\/\/oller.cl\/formulario-de-servicio-al-cliente\/\",\"name\":\"Formulario de Servicio al Cliente - Oller\",\"isPartOf\":{\"@id\":\"https:\/\/oller.cl\/#website\"},\"datePublished\":\"2023-10-16T15:08:46+00:00\",\"dateModified\":\"2023-10-16T15:08:48+00:00\",\"breadcrumb\":{\"@id\":\"https:\/\/oller.cl\/formulario-de-servicio-al-cliente\/#breadcrumb\"},\"inLanguage\":\"es-CL\",\"potentialAction\":[{\"@type\":\"ReadAction\",\"target\":[\"https:\/\/oller.cl\/formulario-de-servicio-al-cliente\/\"]}]},{\"@type\":\"BreadcrumbList\",\"@id\":\"https:\/\/oller.cl\/formulario-de-servicio-al-cliente\/#breadcrumb\",\"itemListElement\":[{\"@type\":\"ListItem\",\"position\":1,\"name\":\"Portada\",\"item\":\"https:\/\/oller.cl\/\"},{\"@type\":\"ListItem\",\"position\":2,\"name\":\"Formulario de Servicio al Cliente\"}]},{\"@type\":\"WebSite\",\"@id\":\"https:\/\/oller.cl\/#website\",\"url\":\"https:\/\/oller.cl\/\",\"name\":\"Oller\",\"description\":\"Equipamiento M\u00e9dico e Instrumental Quir\u00fargico\",\"potentialAction\":[{\"@type\":\"SearchAction\",\"target\":{\"@type\":\"EntryPoint\",\"urlTemplate\":\"https:\/\/oller.cl\/?s={search_term_string}\"},\"query-input\":{\"@type\":\"PropertyValueSpecification\",\"valueRequired\":true,\"valueName\":\"search_term_string\"}}],\"inLanguage\":\"es-CL\"}]}<\/script>\n<!-- \/ Yoast SEO plugin. -->","yoast_head_json":{"title":"Formulario de Servicio al Cliente - Oller","robots":{"index":"index","follow":"follow","max-snippet":"max-snippet:-1","max-image-preview":"max-image-preview:large","max-video-preview":"max-video-preview:-1"},"canonical":"https:\/\/oller.cl\/es\/formulario-de-servicio-al-cliente\/","og_locale":"es_ES","og_type":"article","og_title":"Formulario de Servicio al Cliente - Oller","og_url":"https:\/\/oller.cl\/es\/formulario-de-servicio-al-cliente\/","og_site_name":"Oller","article_modified_time":"2023-10-16T15:08:48+00:00","twitter_card":"summary_large_image","schema":{"@context":"https:\/\/schema.org","@graph":[{"@type":"WebPage","@id":"https:\/\/oller.cl\/formulario-de-servicio-al-cliente\/","url":"https:\/\/oller.cl\/formulario-de-servicio-al-cliente\/","name":"Formulario de Servicio al Cliente - Oller","isPartOf":{"@id":"https:\/\/oller.cl\/#website"},"datePublished":"2023-10-16T15:08:46+00:00","dateModified":"2023-10-16T15:08:48+00:00","breadcrumb":{"@id":"https:\/\/oller.cl\/formulario-de-servicio-al-cliente\/#breadcrumb"},"inLanguage":"es-CL","potentialAction":[{"@type":"ReadAction","target":["https:\/\/oller.cl\/formulario-de-servicio-al-cliente\/"]}]},{"@type":"BreadcrumbList","@id":"https:\/\/oller.cl\/formulario-de-servicio-al-cliente\/#breadcrumb","itemListElement":[{"@type":"ListItem","position":1,"name":"Portada","item":"https:\/\/oller.cl\/"},{"@type":"ListItem","position":2,"name":"Formulario de Servicio al Cliente"}]},{"@type":"WebSite","@id":"https:\/\/oller.cl\/#website","url":"https:\/\/oller.cl\/","name":"Oller","description":"Equipamiento M\u00e9dico e Instrumental Quir\u00fargico","potentialAction":[{"@type":"SearchAction","target":{"@type":"EntryPoint","urlTemplate":"https:\/\/oller.cl\/?s={search_term_string}"},"query-input":{"@type":"PropertyValueSpecification","valueRequired":true,"valueName":"search_term_string"}}],"inLanguage":"es-CL"}]}},"_links":{"self":[{"href":"https:\/\/oller.cl\/es\/wp-json\/wp\/v2\/pages\/5553","targetHints":{"allow":["GET"]}}],"collection":[{"href":"https:\/\/oller.cl\/es\/wp-json\/wp\/v2\/pages"}],"about":[{"href":"https:\/\/oller.cl\/es\/wp-json\/wp\/v2\/types\/page"}],"author":[{"embeddable":true,"href":"https:\/\/oller.cl\/es\/wp-json\/wp\/v2\/users\/1"}],"replies":[{"embeddable":true,"href":"https:\/\/oller.cl\/es\/wp-json\/wp\/v2\/comments?post=5553"}],"version-history":[{"count":0,"href":"https:\/\/oller.cl\/es\/wp-json\/wp\/v2\/pages\/5553\/revisions"}],"wp:attachment":[{"href":"https:\/\/oller.cl\/es\/wp-json\/wp\/v2\/media?parent=5553"}],"curies":[{"name":"wp","href":"https:\/\/api.w.org\/{rel}","templated":true}]}}